{"id":10550,"date":"2016-03-18T08:32:05","date_gmt":"2016-03-18T14:32:05","guid":{"rendered":"http:\/\/www.revab-erasmus.eu\/home\/"},"modified":"2018-05-11T10:27:00","modified_gmt":"2018-05-11T09:27:00","slug":"home","status":"publish","type":"page","link":"https:\/\/revab-erasmus.eu\/de\/","title":{"rendered":"Revab"},"content":{"rendered":"<p><strong>REVAB: REuse and Valorisation of Agricultural Buildings through training based on real experiences<\/strong><\/p>\n<p>In den letzten Jahren haben l\u00e4ndliche Regionen mit gro\u00dfen Herausforderungen im Bereich der Besch\u00e4ftigung zu k\u00e4mpfen. In \u00fcberwiegend l\u00e4ndlichen Gebieten der EU betr\u00e4gt die Arbeitslosenrate 11% &#8211; im Vergleich zu 8,5% in st\u00e4dtischen R\u00e4umen der EU. Dazu kommt der enorme Verbrauch von landwirtschaftlichen Fl\u00e4chen f\u00fcr Siedlung, Verkehr und Industrie. Dies hat zum Verlust der Zentren des l\u00e4ndlichen Lebens gef\u00fchrt, da es keine weitere Verwendung f\u00fcr bestehende landwirtschaftliche Geb\u00e4ude gibt. Das Potenzial f\u00fcr die Umnutzung landwirtschaftlicher Geb\u00e4uden ist gro\u00df, aber es fehlt an M\u00f6glichkeiten, Erfahrungen in diesem Bereich von Unternehmer zu Unternehmer auszutauschen. Auch der Zugang zur Schulungsmaterial in diesem Bereich muss verbessert werden.<\/p>\n<p>Die Ziele des REVAB-Projekts sind:<\/p>\n<p>&#8211; Den unternehmerischen Ansatz der Umnutzung von landwirtschaftlichen Geb\u00e4uden in verschiedenen Regionen Europas zu f\u00f6rdern (IT, ES, BG, DE, PL)<\/p>\n<p>&#8211; Unternehmer im l\u00e4ndlichen Raum, Besitzer von landwirtschaftlichen Immobilien und\u00a0junge Landwirte dazu anzuregen, \u00fcber die nachhaltigen M\u00f6glichkeiten der Umnutzung der vorhandenen landwirtschaftlichen Immobilien nachzudenken<\/p>\n<p>&#8211; Weiteren Verbrauch von landwirtschaftlichen Fl\u00e4chen durch \u00a0Siedlungs- und Gewerbefl\u00e4chen zu vermeiden.<\/p>\n<p>Das REVAB Projekt wird das erste umfassende und flexible Open-Source-Trainingssystem f\u00fcr die Umnutzung landwirtschaftlicher Geb\u00e4ude sein. Zentrales Element des Systems werden Fallstudien sein, durch die die Lernenden die M\u00f6glichkeit haben, anhand erfolgreicher Beispiele zu lernen. Dar\u00fcber hinaus wird zum ersten Mal unternehmerischer Austausch in diesem Thema auf regionaler, nationaler und EU-Ebene m\u00f6glich sein.<\/p>\n<p>Das REVAB Trainingssystem wird alle Aspekte der Nachhaltigkeit auch beim Einsatz von neuen Medien und E-Learning erreicht wird.<\/p>\n","protected":false},"excerpt":{"rendered":"<p>REVAB: REuse and Valorisation of Agricultural Buildings through training based on real experiences In den letzten Jahren haben l\u00e4ndliche Regionen mit gro\u00dfen Herausforderungen im Bereich der Besch\u00e4ftigung zu k\u00e4mpfen. In \u00fcberwiegend l\u00e4ndlichen Gebieten der EU betr\u00e4gt die Arbeitslosenrate 11% &#8211; im Vergleich zu 8,5% in st\u00e4dtischen R\u00e4umen der EU. Dazu kommt der enorme Verbrauch von<\/p>\n","protected":false},"author":2,"featured_media":0,"parent":0,"menu_order":0,"comment_status":"closed","ping_status":"closed","template":"","meta":[],"yoast_head":"<!-- This site is optimized with the Yoast SEO plugin v20.3 - https:\/\/yoast.com\/wordpress\/plugins\/seo\/ -->\n<title>Revab - Revab<\/title>\n<meta name=\"robots\" content=\"index, follow, max-snippet:-1, max-image-preview:large, max-video-preview:-1\" \/>\n<link rel=\"canonical\" href=\"https:\/\/revab-erasmus.eu\/de\/\" \/>\n<meta property=\"og:locale\" content=\"de_DE\" \/>\n<meta property=\"og:type\" content=\"article\" \/>\n<meta property=\"og:title\" content=\"Revab - Revab\" \/>\n<meta property=\"og:description\" content=\"REVAB: REuse and Valorisation of Agricultural Buildings through training based on real experiences In den letzten Jahren haben l\u00e4ndliche Regionen mit gro\u00dfen Herausforderungen im Bereich der Besch\u00e4ftigung zu k\u00e4mpfen. In \u00fcberwiegend l\u00e4ndlichen Gebieten der EU betr\u00e4gt die Arbeitslosenrate 11% &#8211; im Vergleich zu 8,5% in st\u00e4dtischen R\u00e4umen der EU. Dazu kommt der enorme Verbrauch von\" \/>\n<meta property=\"og:url\" content=\"https:\/\/revab-erasmus.eu\/de\/\" \/>\n<meta property=\"og:site_name\" content=\"Revab\" \/>\n<meta property=\"article:modified_time\" content=\"2018-05-11T09:27:00+00:00\" \/>\n<meta name=\"twitter:card\" content=\"summary_large_image\" \/>\n<meta name=\"twitter:label1\" content=\"Gesch\u00e4tzte Lesezeit\" \/>\n\t<meta name=\"twitter:data1\" content=\"1\u00a0Minute\" \/>\n<script type=\"application\/ld+json\" class=\"yoast-schema-graph\">{\"@context\":\"https:\/\/schema.org\",\"@graph\":[{\"@type\":\"WebPage\",\"@id\":\"https:\/\/revab-erasmus.eu\/de\/\",\"url\":\"https:\/\/revab-erasmus.eu\/de\/\",\"name\":\"Revab - Revab\",\"isPartOf\":{\"@id\":\"https:\/\/revab-erasmus.eu\/#website\"},\"datePublished\":\"2016-03-18T14:32:05+00:00\",\"dateModified\":\"2018-05-11T09:27:00+00:00\",\"breadcrumb\":{\"@id\":\"https:\/\/revab-erasmus.eu\/de\/#breadcrumb\"},\"inLanguage\":\"de\",\"potentialAction\":[{\"@type\":\"ReadAction\",\"target\":[\"https:\/\/revab-erasmus.eu\/de\/\"]}]},{\"@type\":\"BreadcrumbList\",\"@id\":\"https:\/\/revab-erasmus.eu\/de\/#breadcrumb\",\"itemListElement\":[{\"@type\":\"ListItem\",\"position\":1,\"name\":\"Home\",\"item\":\"https:\/\/revab-erasmus.eu\/de\/\"},{\"@type\":\"ListItem\",\"position\":2,\"name\":\"Revab\"}]},{\"@type\":\"WebSite\",\"@id\":\"https:\/\/revab-erasmus.eu\/#website\",\"url\":\"https:\/\/revab-erasmus.eu\/\",\"name\":\"Revab\",\"description\":\"REuse and Valorisation of Agricultural Buildings through training based on real experiences\",\"potentialAction\":[{\"@type\":\"SearchAction\",\"target\":{\"@type\":\"EntryPoint\",\"urlTemplate\":\"https:\/\/revab-erasmus.eu\/?s={search_term_string}\"},\"query-input\":\"required name=search_term_string\"}],\"inLanguage\":\"de\"}]}<\/script>\n<!-- \/ Yoast SEO plugin. -->","yoast_head_json":{"title":"Revab - Revab","robots":{"index":"index","follow":"follow","max-snippet":"max-snippet:-1","max-image-preview":"max-image-preview:large","max-video-preview":"max-video-preview:-1"},"canonical":"https:\/\/revab-erasmus.eu\/de\/","og_locale":"de_DE","og_type":"article","og_title":"Revab - Revab","og_description":"REVAB: REuse and Valorisation of Agricultural Buildings through training based on real experiences In den letzten Jahren haben l\u00e4ndliche Regionen mit gro\u00dfen Herausforderungen im Bereich der Besch\u00e4ftigung zu k\u00e4mpfen. In \u00fcberwiegend l\u00e4ndlichen Gebieten der EU betr\u00e4gt die Arbeitslosenrate 11% &#8211; im Vergleich zu 8,5% in st\u00e4dtischen R\u00e4umen der EU. Dazu kommt der enorme Verbrauch von","og_url":"https:\/\/revab-erasmus.eu\/de\/","og_site_name":"Revab","article_modified_time":"2018-05-11T09:27:00+00:00","twitter_card":"summary_large_image","twitter_misc":{"Gesch\u00e4tzte Lesezeit":"1\u00a0Minute"},"schema":{"@context":"https:\/\/schema.org","@graph":[{"@type":"WebPage","@id":"https:\/\/revab-erasmus.eu\/de\/","url":"https:\/\/revab-erasmus.eu\/de\/","name":"Revab - Revab","isPartOf":{"@id":"https:\/\/revab-erasmus.eu\/#website"},"datePublished":"2016-03-18T14:32:05+00:00","dateModified":"2018-05-11T09:27:00+00:00","breadcrumb":{"@id":"https:\/\/revab-erasmus.eu\/de\/#breadcrumb"},"inLanguage":"de","potentialAction":[{"@type":"ReadAction","target":["https:\/\/revab-erasmus.eu\/de\/"]}]},{"@type":"BreadcrumbList","@id":"https:\/\/revab-erasmus.eu\/de\/#breadcrumb","itemListElement":[{"@type":"ListItem","position":1,"name":"Home","item":"https:\/\/revab-erasmus.eu\/de\/"},{"@type":"ListItem","position":2,"name":"Revab"}]},{"@type":"WebSite","@id":"https:\/\/revab-erasmus.eu\/#website","url":"https:\/\/revab-erasmus.eu\/","name":"Revab","description":"REuse and Valorisation of Agricultural Buildings through training based on real experiences","potentialAction":[{"@type":"SearchAction","target":{"@type":"EntryPoint","urlTemplate":"https:\/\/revab-erasmus.eu\/?s={search_term_string}"},"query-input":"required name=search_term_string"}],"inLanguage":"de"}]}},"_links":{"self":[{"href":"https:\/\/revab-erasmus.eu\/de\/wp-json\/wp\/v2\/pages\/10550"}],"collection":[{"href":"https:\/\/revab-erasmus.eu\/de\/wp-json\/wp\/v2\/pages"}],"about":[{"href":"https:\/\/revab-erasmus.eu\/de\/wp-json\/wp\/v2\/types\/page"}],"author":[{"embeddable":true,"href":"https:\/\/revab-erasmus.eu\/de\/wp-json\/wp\/v2\/users\/2"}],"replies":[{"embeddable":true,"href":"https:\/\/revab-erasmus.eu\/de\/wp-json\/wp\/v2\/comments?post=10550"}],"version-history":[{"count":6,"href":"https:\/\/revab-erasmus.eu\/de\/wp-json\/wp\/v2\/pages\/10550\/revisions"}],"predecessor-version":[{"id":14892,"href":"https:\/\/revab-erasmus.eu\/de\/wp-json\/wp\/v2\/pages\/10550\/revisions\/14892"}],"wp:attachment":[{"href":"https:\/\/revab-erasmus.eu\/de\/wp-json\/wp\/v2\/media?parent=10550"}],"curies":[{"name":"wp","href":"https:\/\/api.w.org\/{rel}","templated":true}]}}