{"id":10562,"date":"2016-03-18T08:23:18","date_gmt":"2016-03-18T14:23:18","guid":{"rendered":"http:\/\/www.revab-erasmus.eu\/partners\/"},"modified":"2018-03-22T11:35:21","modified_gmt":"2018-03-22T11:35:21","slug":"partners","status":"publish","type":"page","link":"https:\/\/revab-erasmus.eu\/de\/partners\/","title":{"rendered":"Partner"},"content":{"rendered":"<p>Das Projekt wird von ELO, Hof und Leben GmbH, OnProjects Advising SL, Asaja \u2013 Granada, CIA Toscana und AGRI-TOUR Ltd. gemeinsam durchgef\u00fchrt. Finanziert wird das Projekt vom Erasmus+ Programm\/KA2\/ Strategische Partnerschaften f\u00fcr Berufsbildung mit einer Laufzeit von 30 Monaten. Beginn war am 2. November 2015.<\/p>\n<p>Seit Anfang Februar unterst\u00fctzt Zwia\u0328zek Pracodawco\u0301w-Dzierz\u0307awco\u0301w i W\u0142as\u0301cicieli Rolnych (ZPDIWR) den Koordinator ELO in allen polnischen Aufgaben und in der Verbeitung der E-Learning-Kurse.<\/p>\n<p>&nbsp;<\/p>\n<p><img decoding=\"async\" loading=\"lazy\" class=\"aligncenter wp-image-12228\" src=\"http:\/\/revaberasmus.eu\/wp-content\/uploads\/2018\/02\/ELO-1.png\" alt=\"\" width=\"512\" height=\"114\" srcset=\"https:\/\/revaberasmus.eu\/wp-content\/uploads\/2018\/02\/ELO-1.png 1612w, https:\/\/revaberasmus.eu\/wp-content\/uploads\/2018\/02\/ELO-1-300x67.png 300w, https:\/\/revaberasmus.eu\/wp-content\/uploads\/2018\/02\/ELO-1-768x171.png 768w, https:\/\/revaberasmus.eu\/wp-content\/uploads\/2018\/02\/ELO-1-1024x228.png 1024w, https:\/\/revaberasmus.eu\/wp-content\/uploads\/2018\/02\/ELO-1-280x62.png 280w, https:\/\/revaberasmus.eu\/wp-content\/uploads\/2018\/02\/ELO-1-1170x261.png 1170w\" sizes=\"(max-width: 512px) 100vw, 512px\" \/><\/p>\n<p>&nbsp;<\/p>\n<p><strong>Die European Landowners Organisation &#8211; ELO<\/strong> asbl wurde im Jahr 1972 gegr\u00fcndet und ist eine einzigartige Vereinigung nationaler Verb\u00e4nde der EU28, die die Interessen von Grundbesitzern, Land- und Forstwirten sowie Unternehmern im l\u00e4ndlichen Raum auf politischer Ebene in der EU repr\u00e4sentiert. Satzungsgem\u00e4\u00df ist ELO verpflichtet zum Schutz und zur F\u00f6rderung von nachhaltiger Entwicklung, der Umwelt, sowie erneuerbarer Energien und des verantwortungsvollen Umgangs mit nat\u00fcrlichen Ressourcen. Um Ihre Position zu unterstreichen, hat die ELO eine Kommunikations-Strategie entwickelt, die Aufbau und Koordination von Aktions-Programmen beinhaltet. Dazu geh\u00f6rt auch die Beteiligung in der EU und bei internationalen Veranstaltungen, Wissensmanagement, Ver\u00f6ffentlichung von Positionspapieren und Studien etc.<\/p>\n<p>Die Wirksamkeit der Organisation beruht auf ihrer F\u00e4higkeit Akteure des l\u00e4ndlichen Raums, Land- und Forstwirte, Wissenschaftler, Unternehmer und politische Entscheidungstr\u00e4ger auf lokaler, regionaler, nationaler und europ\u00e4ischer Ebene zusammen zu bringen.<\/p>\n<p>Ihr Netzwerk von mehr als 64 Organisationen in ganz Europa vertritt mehrere Millionen Land- und Forstwirte und bietet die M\u00f6glichkeit den Stimmen vieler Akteure aus der gesamten EU und den Mitgliedsl\u00e4ndern Geh\u00f6r zu verschaffen, sowie die lokalen Auswirkungen der EU-Gesetzgebung und deren Umsetzung zu analysieren.<\/p>\n<p>Die ELO hat einzigartige Erfahrung bei der Implementierung von Natura-2000-Netzwerken, der gemeinsamen Agrarpolitik (GAP) und Themen wie Boden, Wasser, Forstwirtschaft und Landschaftspflege. Die ELO ber\u00e4t ihre Mitglieder, Landwirte und Landbesitzer bei der Umsetzung von Natura 2000.<\/p>\n<p>Die ELO wird regelm\u00e4\u00dfig zu Arbeitsgruppen der europ\u00e4ischen Kommission und zu Diskussionen eingeladen und organisiert hochkar\u00e4tige Konferenzen zu Natura 2000, Umweltdienstleistungen, GAP und Landschafts- \/ Land-Management auf europ\u00e4ischer und nationaler Ebene.<\/p>\n<p>Seit neun Jahren ist die ELO bei der Organisation des Forums f\u00fcr Landwirtschaft <a href=\"http:\/\/www.forumforagriculture.com\">www.forumforagriculture.com<\/a> beteiligt, was eine einzigartige und gewinnbringende Sache ist, die Diskussionen \u00fcber Lebensmittel sowie Sicherheit von Umwelt und Energie f\u00f6rdert und von \u00fcber 1500 Menschen und der internationalen Presse genutzt wird.<\/p>\n<p>Au\u00dferdem entwickelt ELO ein Programm f\u00fcr Natur-Reservate und ist Teil der Best\u00e4uber-Initiative, die mit Akademikern, Ministerien und weiteren Interessengruppen zusammenarbeitet.<\/p>\n<p><span style=\"font-weight: 400;\">Internetadresse des Partners:\u00a0<\/span><a href=\"http:\/\/www.elo.org\/\"><span style=\"font-weight: 400;\">www.elo.org<\/span><\/a><\/p>\n<div><b>ELO\u00a0<\/b><\/div>\n<div>Marie Alice Budniok <a href=\"mailto:legal@elo.org\" target=\"_blank\" rel=\"noopener\">legal@elo.org<\/a><\/div>\n<div>Emmannuelle Mikosz <a href=\"mailto:emmanuelle.mikosz@elo.org\" target=\"_blank\" rel=\"noopener\">emmanuelle.mikosz@elo.org<\/a><\/div>\n<div>Servane Morand <a href=\"mailto:servane.morand@elo.org\">servane.morand@elo.org<\/a><\/div>\n<div><a href=\"http:\/\/www.elo.org\/\" target=\"_blank\" rel=\"noopener\" data-saferedirecturl=\"https:\/\/www.google.com\/url?hl=fr&amp;q=http:\/\/www.elo.org&amp;source=gmail&amp;ust=1466794720732000&amp;usg=AFQjCNFBQj1v5HwTxmeGXfJfqOUuurAmXQ\">www.elo.org<\/a><\/div>\n<div><\/div>\n","protected":false},"excerpt":{"rendered":"<p>Das Projekt wird von ELO, Hof und Leben GmbH, OnProjects Advising SL, Asaja \u2013 Granada, CIA Toscana und AGRI-TOUR Ltd. gemeinsam durchgef\u00fchrt. Finanziert wird das Projekt vom Erasmus+ Programm\/KA2\/ Strategische Partnerschaften f\u00fcr Berufsbildung mit einer Laufzeit von 30 Monaten. Beginn war am 2. November 2015. Seit Anfang Februar unterst\u00fctzt Zwia\u0328zek Pracodawco\u0301w-Dzierz\u0307awco\u0301w i W\u0142as\u0301cicieli Rolnych (ZPDIWR)<\/p>\n","protected":false},"author":2,"featured_media":0,"parent":0,"menu_order":0,"comment_status":"closed","ping_status":"closed","template":"","meta":[],"yoast_head":"<!-- This site is optimized with the Yoast SEO plugin v20.3 - https:\/\/yoast.com\/wordpress\/plugins\/seo\/ -->\n<title>Partner - Revab<\/title>\n<meta name=\"robots\" content=\"index, follow, max-snippet:-1, max-image-preview:large, max-video-preview:-1\" \/>\n<link rel=\"canonical\" href=\"https:\/\/revab-erasmus.eu\/de\/partners\/\" \/>\n<meta property=\"og:locale\" content=\"de_DE\" \/>\n<meta property=\"og:type\" content=\"article\" \/>\n<meta property=\"og:title\" content=\"Partner - Revab\" \/>\n<meta property=\"og:description\" content=\"Das Projekt wird von ELO, Hof und Leben GmbH, OnProjects Advising SL, Asaja \u2013 Granada, CIA Toscana und AGRI-TOUR Ltd. gemeinsam durchgef\u00fchrt. Finanziert wird das Projekt vom Erasmus+ Programm\/KA2\/ Strategische Partnerschaften f\u00fcr Berufsbildung mit einer Laufzeit von 30 Monaten. Beginn war am 2. November 2015. Seit Anfang Februar unterst\u00fctzt Zwia\u0328zek Pracodawco\u0301w-Dzierz\u0307awco\u0301w i W\u0142as\u0301cicieli Rolnych (ZPDIWR)\" \/>\n<meta property=\"og:url\" content=\"https:\/\/revab-erasmus.eu\/de\/partners\/\" \/>\n<meta property=\"og:site_name\" content=\"Revab\" \/>\n<meta property=\"article:modified_time\" content=\"2018-03-22T11:35:21+00:00\" \/>\n<meta property=\"og:image\" content=\"http:\/\/revaberasmus.eu\/wp-content\/uploads\/2018\/02\/ELO-1.png\" \/>\n<meta name=\"twitter:card\" content=\"summary_large_image\" \/>\n<meta name=\"twitter:label1\" content=\"Gesch\u00e4tzte Lesezeit\" \/>\n\t<meta name=\"twitter:data1\" content=\"2\u00a0Minuten\" \/>\n<script type=\"application\/ld+json\" class=\"yoast-schema-graph\">{\"@context\":\"https:\/\/schema.org\",\"@graph\":[{\"@type\":\"WebPage\",\"@id\":\"https:\/\/revab-erasmus.eu\/de\/partners\/\",\"url\":\"https:\/\/revab-erasmus.eu\/de\/partners\/\",\"name\":\"Partner - Revab\",\"isPartOf\":{\"@id\":\"https:\/\/revab-erasmus.eu\/#website\"},\"datePublished\":\"2016-03-18T14:23:18+00:00\",\"dateModified\":\"2018-03-22T11:35:21+00:00\",\"breadcrumb\":{\"@id\":\"https:\/\/revab-erasmus.eu\/de\/partners\/#breadcrumb\"},\"inLanguage\":\"de\",\"potentialAction\":[{\"@type\":\"ReadAction\",\"target\":[\"https:\/\/revab-erasmus.eu\/de\/partners\/\"]}]},{\"@type\":\"BreadcrumbList\",\"@id\":\"https:\/\/revab-erasmus.eu\/de\/partners\/#breadcrumb\",\"itemListElement\":[{\"@type\":\"ListItem\",\"position\":1,\"name\":\"Home\",\"item\":\"https:\/\/revab-erasmus.eu\/de\/\"},{\"@type\":\"ListItem\",\"position\":2,\"name\":\"Partner\"}]},{\"@type\":\"WebSite\",\"@id\":\"https:\/\/revab-erasmus.eu\/#website\",\"url\":\"https:\/\/revab-erasmus.eu\/\",\"name\":\"Revab\",\"description\":\"REuse and Valorisation of Agricultural Buildings through training based on real experiences\",\"potentialAction\":[{\"@type\":\"SearchAction\",\"target\":{\"@type\":\"EntryPoint\",\"urlTemplate\":\"https:\/\/revab-erasmus.eu\/?s={search_term_string}\"},\"query-input\":\"required name=search_term_string\"}],\"inLanguage\":\"de\"}]}<\/script>\n<!-- \/ Yoast SEO plugin. -->","yoast_head_json":{"title":"Partner - Revab","robots":{"index":"index","follow":"follow","max-snippet":"max-snippet:-1","max-image-preview":"max-image-preview:large","max-video-preview":"max-video-preview:-1"},"canonical":"https:\/\/revab-erasmus.eu\/de\/partners\/","og_locale":"de_DE","og_type":"article","og_title":"Partner - Revab","og_description":"Das Projekt wird von ELO, Hof und Leben GmbH, OnProjects Advising SL, Asaja \u2013 Granada, CIA Toscana und AGRI-TOUR Ltd. gemeinsam durchgef\u00fchrt. Finanziert wird das Projekt vom Erasmus+ Programm\/KA2\/ Strategische Partnerschaften f\u00fcr Berufsbildung mit einer Laufzeit von 30 Monaten. Beginn war am 2. November 2015. Seit Anfang Februar unterst\u00fctzt Zwia\u0328zek Pracodawco\u0301w-Dzierz\u0307awco\u0301w i W\u0142as\u0301cicieli Rolnych (ZPDIWR)","og_url":"https:\/\/revab-erasmus.eu\/de\/partners\/","og_site_name":"Revab","article_modified_time":"2018-03-22T11:35:21+00:00","og_image":[{"url":"http:\/\/revaberasmus.eu\/wp-content\/uploads\/2018\/02\/ELO-1.png"}],"twitter_card":"summary_large_image","twitter_misc":{"Gesch\u00e4tzte Lesezeit":"2\u00a0Minuten"},"schema":{"@context":"https:\/\/schema.org","@graph":[{"@type":"WebPage","@id":"https:\/\/revab-erasmus.eu\/de\/partners\/","url":"https:\/\/revab-erasmus.eu\/de\/partners\/","name":"Partner - Revab","isPartOf":{"@id":"https:\/\/revab-erasmus.eu\/#website"},"datePublished":"2016-03-18T14:23:18+00:00","dateModified":"2018-03-22T11:35:21+00:00","breadcrumb":{"@id":"https:\/\/revab-erasmus.eu\/de\/partners\/#breadcrumb"},"inLanguage":"de","potentialAction":[{"@type":"ReadAction","target":["https:\/\/revab-erasmus.eu\/de\/partners\/"]}]},{"@type":"BreadcrumbList","@id":"https:\/\/revab-erasmus.eu\/de\/partners\/#breadcrumb","itemListElement":[{"@type":"ListItem","position":1,"name":"Home","item":"https:\/\/revab-erasmus.eu\/de\/"},{"@type":"ListItem","position":2,"name":"Partner"}]},{"@type":"WebSite","@id":"https:\/\/revab-erasmus.eu\/#website","url":"https:\/\/revab-erasmus.eu\/","name":"Revab","description":"REuse and Valorisation of Agricultural Buildings through training based on real experiences","potentialAction":[{"@type":"SearchAction","target":{"@type":"EntryPoint","urlTemplate":"https:\/\/revab-erasmus.eu\/?s={search_term_string}"},"query-input":"required name=search_term_string"}],"inLanguage":"de"}]}},"_links":{"self":[{"href":"https:\/\/revab-erasmus.eu\/de\/wp-json\/wp\/v2\/pages\/10562"}],"collection":[{"href":"https:\/\/revab-erasmus.eu\/de\/wp-json\/wp\/v2\/pages"}],"about":[{"href":"https:\/\/revab-erasmus.eu\/de\/wp-json\/wp\/v2\/types\/page"}],"author":[{"embeddable":true,"href":"https:\/\/revab-erasmus.eu\/de\/wp-json\/wp\/v2\/users\/2"}],"replies":[{"embeddable":true,"href":"https:\/\/revab-erasmus.eu\/de\/wp-json\/wp\/v2\/comments?post=10562"}],"version-history":[{"count":6,"href":"https:\/\/revab-erasmus.eu\/de\/wp-json\/wp\/v2\/pages\/10562\/revisions"}],"predecessor-version":[{"id":13891,"href":"https:\/\/revab-erasmus.eu\/de\/wp-json\/wp\/v2\/pages\/10562\/revisions\/13891"}],"wp:attachment":[{"href":"https:\/\/revab-erasmus.eu\/de\/wp-json\/wp\/v2\/media?parent=10562"}],"curies":[{"name":"wp","href":"https:\/\/api.w.org\/{rel}","templated":true}]}}