{"id":13648,"date":"2018-01-09T00:11:29","date_gmt":"2018-01-09T06:11:29","guid":{"rendered":"http:\/\/www.revab-erasmus.eu\/summary-report\/"},"modified":"2018-03-22T11:39:09","modified_gmt":"2018-03-22T11:39:09","slug":"summary-report","status":"publish","type":"page","link":"https:\/\/revab-erasmus.eu\/de\/training-system\/summary-report\/","title":{"rendered":"Bericht"},"content":{"rendered":"<h3 style=\"text-align: center;\">Der Projektbericht als Grundlage f\u00fcr das Trainings-System<\/h3>\n<p>Das Ziel dieses Projektes ist es, sich auf die aktuellen und zuk\u00fcnftigen Bed\u00fcrfnisse der Landwirte im Bereich der Umnutzung von landwirtschaftlichen Geb\u00e4uden zu konzentrieren:<\/p>\n<p>\u2022\u00a0 Eine lebendige Gesellschaft in l\u00e4ndlichen Regionen erhalten, Einkommen erhalten und st\u00e4rken \u2013 nicht nur f\u00fcr die Landwirte, sondern f\u00fcr die gesamte Gesellschaft.<br \/>\n\u2022\u00a0 Schaffen neuer Berufsm\u00f6glichkeiten und den Unternehmergeist f\u00f6rdern.<br \/>\n\u2022\u00a0 Weiteren Verbrauch von landwirtschaftlichen Fl\u00e4chen einschr\u00e4nken und vermeiden.<br \/>\n\u2022\u00a0 Umnutzungs-M\u00f6glichkeiten mit der Landwirtschaft verkn\u00fcpfen.<\/p>\n<p>Um hilfreiche und anwendbare Trainings-Einheiten zu gew\u00e4hrleisten ist es wichtig detaillierte Informationen \u00fcber die Situation in den jeweiligen L\u00e4ndern zu haben. Darauf aufbauend lassen sich Trainingseinheiten erstellen, die von den Partnern in der gesamten EU implementiert werden k\u00f6nnen.<\/p>\n","protected":false},"excerpt":{"rendered":"<p>Der Projektbericht als Grundlage f\u00fcr das Trainings-System Das Ziel dieses Projektes ist es, sich auf die aktuellen und zuk\u00fcnftigen Bed\u00fcrfnisse der Landwirte im Bereich der Umnutzung von landwirtschaftlichen Geb\u00e4uden zu konzentrieren: \u2022\u00a0 Eine lebendige Gesellschaft in l\u00e4ndlichen Regionen erhalten, Einkommen erhalten und st\u00e4rken \u2013 nicht nur f\u00fcr die Landwirte, sondern f\u00fcr die gesamte Gesellschaft. \u2022\u00a0<\/p>\n","protected":false},"author":3,"featured_media":0,"parent":13808,"menu_order":0,"comment_status":"closed","ping_status":"closed","template":"","meta":[],"yoast_head":"<!-- This site is optimized with the Yoast SEO plugin v20.3 - https:\/\/yoast.com\/wordpress\/plugins\/seo\/ -->\n<title>Bericht - Revab<\/title>\n<meta name=\"robots\" content=\"index, follow, max-snippet:-1, max-image-preview:large, max-video-preview:-1\" \/>\n<link rel=\"canonical\" href=\"https:\/\/revab-erasmus.eu\/de\/training-system\/summary-report\/\" \/>\n<meta property=\"og:locale\" content=\"de_DE\" \/>\n<meta property=\"og:type\" content=\"article\" \/>\n<meta property=\"og:title\" content=\"Bericht - Revab\" \/>\n<meta property=\"og:description\" content=\"Der Projektbericht als Grundlage f\u00fcr das Trainings-System Das Ziel dieses Projektes ist es, sich auf die aktuellen und zuk\u00fcnftigen Bed\u00fcrfnisse der Landwirte im Bereich der Umnutzung von landwirtschaftlichen Geb\u00e4uden zu konzentrieren: \u2022\u00a0 Eine lebendige Gesellschaft in l\u00e4ndlichen Regionen erhalten, Einkommen erhalten und st\u00e4rken \u2013 nicht nur f\u00fcr die Landwirte, sondern f\u00fcr die gesamte Gesellschaft. \u2022\u00a0\" \/>\n<meta property=\"og:url\" content=\"https:\/\/revab-erasmus.eu\/de\/training-system\/summary-report\/\" \/>\n<meta property=\"og:site_name\" content=\"Revab\" \/>\n<meta property=\"article:modified_time\" content=\"2018-03-22T11:39:09+00:00\" \/>\n<meta name=\"twitter:card\" content=\"summary_large_image\" \/>\n<meta name=\"twitter:label1\" content=\"Gesch\u00e4tzte Lesezeit\" \/>\n\t<meta name=\"twitter:data1\" content=\"1\u00a0Minute\" \/>\n<script type=\"application\/ld+json\" class=\"yoast-schema-graph\">{\"@context\":\"https:\/\/schema.org\",\"@graph\":[{\"@type\":\"WebPage\",\"@id\":\"https:\/\/revab-erasmus.eu\/de\/training-system\/summary-report\/\",\"url\":\"https:\/\/revab-erasmus.eu\/de\/training-system\/summary-report\/\",\"name\":\"Bericht - Revab\",\"isPartOf\":{\"@id\":\"https:\/\/revab-erasmus.eu\/#website\"},\"datePublished\":\"2018-01-09T06:11:29+00:00\",\"dateModified\":\"2018-03-22T11:39:09+00:00\",\"breadcrumb\":{\"@id\":\"https:\/\/revab-erasmus.eu\/de\/training-system\/summary-report\/#breadcrumb\"},\"inLanguage\":\"de\",\"potentialAction\":[{\"@type\":\"ReadAction\",\"target\":[\"https:\/\/revab-erasmus.eu\/de\/training-system\/summary-report\/\"]}]},{\"@type\":\"BreadcrumbList\",\"@id\":\"https:\/\/revab-erasmus.eu\/de\/training-system\/summary-report\/#breadcrumb\",\"itemListElement\":[{\"@type\":\"ListItem\",\"position\":1,\"name\":\"Home\",\"item\":\"https:\/\/revab-erasmus.eu\/de\/\"},{\"@type\":\"ListItem\",\"position\":2,\"name\":\"Training System\",\"item\":\"https:\/\/revab-erasmus.eu\/de\/training-system\/\"},{\"@type\":\"ListItem\",\"position\":3,\"name\":\"Bericht\"}]},{\"@type\":\"WebSite\",\"@id\":\"https:\/\/revab-erasmus.eu\/#website\",\"url\":\"https:\/\/revab-erasmus.eu\/\",\"name\":\"Revab\",\"description\":\"REuse and Valorisation of Agricultural Buildings through training based on real experiences\",\"potentialAction\":[{\"@type\":\"SearchAction\",\"target\":{\"@type\":\"EntryPoint\",\"urlTemplate\":\"https:\/\/revab-erasmus.eu\/?s={search_term_string}\"},\"query-input\":\"required name=search_term_string\"}],\"inLanguage\":\"de\"}]}<\/script>\n<!-- \/ Yoast SEO plugin. -->","yoast_head_json":{"title":"Bericht - Revab","robots":{"index":"index","follow":"follow","max-snippet":"max-snippet:-1","max-image-preview":"max-image-preview:large","max-video-preview":"max-video-preview:-1"},"canonical":"https:\/\/revab-erasmus.eu\/de\/training-system\/summary-report\/","og_locale":"de_DE","og_type":"article","og_title":"Bericht - Revab","og_description":"Der Projektbericht als Grundlage f\u00fcr das Trainings-System Das Ziel dieses Projektes ist es, sich auf die aktuellen und zuk\u00fcnftigen Bed\u00fcrfnisse der Landwirte im Bereich der Umnutzung von landwirtschaftlichen Geb\u00e4uden zu konzentrieren: \u2022\u00a0 Eine lebendige Gesellschaft in l\u00e4ndlichen Regionen erhalten, Einkommen erhalten und st\u00e4rken \u2013 nicht nur f\u00fcr die Landwirte, sondern f\u00fcr die gesamte Gesellschaft. \u2022\u00a0","og_url":"https:\/\/revab-erasmus.eu\/de\/training-system\/summary-report\/","og_site_name":"Revab","article_modified_time":"2018-03-22T11:39:09+00:00","twitter_card":"summary_large_image","twitter_misc":{"Gesch\u00e4tzte Lesezeit":"1\u00a0Minute"},"schema":{"@context":"https:\/\/schema.org","@graph":[{"@type":"WebPage","@id":"https:\/\/revab-erasmus.eu\/de\/training-system\/summary-report\/","url":"https:\/\/revab-erasmus.eu\/de\/training-system\/summary-report\/","name":"Bericht - Revab","isPartOf":{"@id":"https:\/\/revab-erasmus.eu\/#website"},"datePublished":"2018-01-09T06:11:29+00:00","dateModified":"2018-03-22T11:39:09+00:00","breadcrumb":{"@id":"https:\/\/revab-erasmus.eu\/de\/training-system\/summary-report\/#breadcrumb"},"inLanguage":"de","potentialAction":[{"@type":"ReadAction","target":["https:\/\/revab-erasmus.eu\/de\/training-system\/summary-report\/"]}]},{"@type":"BreadcrumbList","@id":"https:\/\/revab-erasmus.eu\/de\/training-system\/summary-report\/#breadcrumb","itemListElement":[{"@type":"ListItem","position":1,"name":"Home","item":"https:\/\/revab-erasmus.eu\/de\/"},{"@type":"ListItem","position":2,"name":"Training System","item":"https:\/\/revab-erasmus.eu\/de\/training-system\/"},{"@type":"ListItem","position":3,"name":"Bericht"}]},{"@type":"WebSite","@id":"https:\/\/revab-erasmus.eu\/#website","url":"https:\/\/revab-erasmus.eu\/","name":"Revab","description":"REuse and Valorisation of Agricultural Buildings through training based on real experiences","potentialAction":[{"@type":"SearchAction","target":{"@type":"EntryPoint","urlTemplate":"https:\/\/revab-erasmus.eu\/?s={search_term_string}"},"query-input":"required name=search_term_string"}],"inLanguage":"de"}]}},"_links":{"self":[{"href":"https:\/\/revab-erasmus.eu\/de\/wp-json\/wp\/v2\/pages\/13648"}],"collection":[{"href":"https:\/\/revab-erasmus.eu\/de\/wp-json\/wp\/v2\/pages"}],"about":[{"href":"https:\/\/revab-erasmus.eu\/de\/wp-json\/wp\/v2\/types\/page"}],"author":[{"embeddable":true,"href":"https:\/\/revab-erasmus.eu\/de\/wp-json\/wp\/v2\/users\/3"}],"replies":[{"embeddable":true,"href":"https:\/\/revab-erasmus.eu\/de\/wp-json\/wp\/v2\/comments?post=13648"}],"version-history":[{"count":6,"href":"https:\/\/revab-erasmus.eu\/de\/wp-json\/wp\/v2\/pages\/13648\/revisions"}],"predecessor-version":[{"id":13901,"href":"https:\/\/revab-erasmus.eu\/de\/wp-json\/wp\/v2\/pages\/13648\/revisions\/13901"}],"up":[{"embeddable":true,"href":"https:\/\/revab-erasmus.eu\/de\/wp-json\/wp\/v2\/pages\/13808"}],"wp:attachment":[{"href":"https:\/\/revab-erasmus.eu\/de\/wp-json\/wp\/v2\/media?parent=13648"}],"curies":[{"name":"wp","href":"https:\/\/api.w.org\/{rel}","templated":true}]}}