{"id":10553,"date":"2016-03-18T08:32:05","date_gmt":"2016-03-18T14:32:05","guid":{"rendered":"http:\/\/www.revab-erasmus.eu\/home\/"},"modified":"2018-02-19T12:17:49","modified_gmt":"2018-02-19T12:17:49","slug":"home","status":"publish","type":"page","link":"https:\/\/revab-erasmus.eu\/es\/","title":{"rendered":"Revab"},"content":{"rendered":"<p style=\"text-align: left;\"><strong>REVAB: REuse and Valorisation of Agricultural Buildings through training based on real experiences<\/strong><\/p>\n<p style=\"text-align: left;\"><span style=\"font-weight: 400;\">A lo largo de estos \u00faltimos a\u00f1os, las \u00e1reas rurales vienen enfrent\u00e1ndose a dif\u00edciles desaf\u00edos: la tasa de desempleo en las regiones predominantemente rurales de la UE asciende al 11% (contrastando con el 8,5% en las regiones urbanas) y el aumento de la utilizaci\u00f3n de superficie agr\u00edcola para construcci\u00f3n de viviendas, carreteras y centros industriales es inmenso. Esto ha llevado a la p\u00e9rdida de n\u00facleos de vida rural al no existir otras concepciones de uso de los edificios agr\u00edcolas ya existentes.El potencial de reutilizaci\u00f3n de los edificios agr\u00edcolas existentes es enorme, pero hay una falta de posibilidades de llegar a experiencias reales de empresario a empresario en este \u00e1mbito. Asimismo, el acceso a la formaci\u00f3n es un factor clave que necesita ser mejorado.<\/span><\/p>\n<p style=\"text-align: left;\"><span style=\"font-weight: 400;\">Los objetivos del proyecto REVAB son:<\/span><\/p>\n<p style=\"text-align: left;\"><span style=\"font-weight: 400;\">&#8211; Promover un enfoque emprendedor que tienda al uso de los edificios agr\u00edcolas existentes en distintas regiones de Europa (IT, ES, BG, DE, PL)<\/span><\/p>\n<p style=\"text-align: left;\"><span style=\"font-weight: 400;\">&#8211; Estimular a empresarios rurales, propietarios de terrenos o de bienes inmuebles r\u00fasticos y j\u00f3venes agricultores o ganaderos a pensar en las posibilidades de (re)utilizaci\u00f3n y valorizaci\u00f3n de los inmuebles y edificaciones r\u00fasticos existentes, respetando a su vez los factores econ\u00f3micos, ecol\u00f3gicos y sociales.<\/span><\/p>\n<p style=\"text-align: left;\"><span style=\"font-weight: 400;\">&#8211; Evitar que contin\u00fae la reducci\u00f3n de la superficie agr\u00edcola con fines habitacionales o de construcci\u00f3n de inmuebles industriales.<\/span><\/p>\n<p style=\"text-align: left;\"><span style=\"font-weight: 400;\">Finalmente, el proyecto REVAB proporcionar\u00e1 el primer sistema de formaci\u00f3n integral, flexible y de acceso completamente libre y gratuito orientado a la reutilizaci\u00f3n y revalorizaci\u00f3n de edificios agr\u00edcolas. Dado que una de las principales herramientas de formaci\u00f3n ser\u00e1n los casos de estudio, los alumnos en pr\u00e1cticas tendr\u00e1n la oportunidad de aprender a trav\u00e9s de experiencias reales que ya han tenido \u00e9xito y, por primera vez, se posibilitar\u00e1 un intercambio empresarial sobre la materia a nivel regional, nacional, e incluso a nivel europeo. El sistema de formaci\u00f3n REVAB incluir\u00e1 todos los aspectos de sostenibilidad (social, medioambiental y cultural) adem\u00e1s de los puramente econ\u00f3micos, y sus objetivos se lograr\u00e1n mediante el uso de las TIC y el aprendizaje online.<\/span><\/p>\n","protected":false},"excerpt":{"rendered":"<p>REVAB: REuse and Valorisation of Agricultural Buildings through training based on real experiences A lo largo de estos \u00faltimos a\u00f1os, las \u00e1reas rurales vienen enfrent\u00e1ndose a dif\u00edciles desaf\u00edos: la tasa de desempleo en las regiones predominantemente rurales de la UE asciende al 11% (contrastando con el 8,5% en las regiones urbanas) y el aumento de<\/p>\n","protected":false},"author":2,"featured_media":0,"parent":0,"menu_order":0,"comment_status":"closed","ping_status":"closed","template":"","meta":[],"yoast_head":"<!-- This site is optimized with the Yoast SEO plugin v20.3 - https:\/\/yoast.com\/wordpress\/plugins\/seo\/ -->\n<title>Revab - Revab<\/title>\n<meta name=\"robots\" content=\"index, follow, max-snippet:-1, max-image-preview:large, max-video-preview:-1\" \/>\n<link rel=\"canonical\" href=\"https:\/\/revab-erasmus.eu\/es\/\" \/>\n<meta property=\"og:locale\" content=\"es_ES\" \/>\n<meta property=\"og:type\" content=\"article\" \/>\n<meta property=\"og:title\" content=\"Revab - Revab\" \/>\n<meta property=\"og:description\" content=\"REVAB: REuse and Valorisation of Agricultural Buildings through training based on real experiences A lo largo de estos \u00faltimos a\u00f1os, las \u00e1reas rurales vienen enfrent\u00e1ndose a dif\u00edciles desaf\u00edos: la tasa de desempleo en las regiones predominantemente rurales de la UE asciende al 11% (contrastando con el 8,5% en las regiones urbanas) y el aumento de\" \/>\n<meta property=\"og:url\" content=\"https:\/\/revab-erasmus.eu\/es\/\" \/>\n<meta property=\"og:site_name\" content=\"Revab\" \/>\n<meta property=\"article:modified_time\" content=\"2018-02-19T12:17:49+00:00\" \/>\n<meta name=\"twitter:card\" content=\"summary_large_image\" \/>\n<meta name=\"twitter:label1\" content=\"Tiempo de lectura\" \/>\n\t<meta name=\"twitter:data1\" content=\"2 minutos\" \/>\n<script type=\"application\/ld+json\" class=\"yoast-schema-graph\">{\"@context\":\"https:\/\/schema.org\",\"@graph\":[{\"@type\":\"WebPage\",\"@id\":\"https:\/\/revab-erasmus.eu\/es\/\",\"url\":\"https:\/\/revab-erasmus.eu\/es\/\",\"name\":\"Revab - Revab\",\"isPartOf\":{\"@id\":\"https:\/\/revab-erasmus.eu\/#website\"},\"datePublished\":\"2016-03-18T14:32:05+00:00\",\"dateModified\":\"2018-02-19T12:17:49+00:00\",\"breadcrumb\":{\"@id\":\"https:\/\/revab-erasmus.eu\/es\/#breadcrumb\"},\"inLanguage\":\"es\",\"potentialAction\":[{\"@type\":\"ReadAction\",\"target\":[\"https:\/\/revab-erasmus.eu\/es\/\"]}]},{\"@type\":\"BreadcrumbList\",\"@id\":\"https:\/\/revab-erasmus.eu\/es\/#breadcrumb\",\"itemListElement\":[{\"@type\":\"ListItem\",\"position\":1,\"name\":\"Home\",\"item\":\"https:\/\/revab-erasmus.eu\/es\/\"},{\"@type\":\"ListItem\",\"position\":2,\"name\":\"Revab\"}]},{\"@type\":\"WebSite\",\"@id\":\"https:\/\/revab-erasmus.eu\/#website\",\"url\":\"https:\/\/revab-erasmus.eu\/\",\"name\":\"Revab\",\"description\":\"REuse and Valorisation of Agricultural Buildings through training based on real experiences\",\"potentialAction\":[{\"@type\":\"SearchAction\",\"target\":{\"@type\":\"EntryPoint\",\"urlTemplate\":\"https:\/\/revab-erasmus.eu\/?s={search_term_string}\"},\"query-input\":\"required name=search_term_string\"}],\"inLanguage\":\"es\"}]}<\/script>\n<!-- \/ Yoast SEO plugin. -->","yoast_head_json":{"title":"Revab - Revab","robots":{"index":"index","follow":"follow","max-snippet":"max-snippet:-1","max-image-preview":"max-image-preview:large","max-video-preview":"max-video-preview:-1"},"canonical":"https:\/\/revab-erasmus.eu\/es\/","og_locale":"es_ES","og_type":"article","og_title":"Revab - Revab","og_description":"REVAB: REuse and Valorisation of Agricultural Buildings through training based on real experiences A lo largo de estos \u00faltimos a\u00f1os, las \u00e1reas rurales vienen enfrent\u00e1ndose a dif\u00edciles desaf\u00edos: la tasa de desempleo en las regiones predominantemente rurales de la UE asciende al 11% (contrastando con el 8,5% en las regiones urbanas) y el aumento de","og_url":"https:\/\/revab-erasmus.eu\/es\/","og_site_name":"Revab","article_modified_time":"2018-02-19T12:17:49+00:00","twitter_card":"summary_large_image","twitter_misc":{"Tiempo de lectura":"2 minutos"},"schema":{"@context":"https:\/\/schema.org","@graph":[{"@type":"WebPage","@id":"https:\/\/revab-erasmus.eu\/es\/","url":"https:\/\/revab-erasmus.eu\/es\/","name":"Revab - Revab","isPartOf":{"@id":"https:\/\/revab-erasmus.eu\/#website"},"datePublished":"2016-03-18T14:32:05+00:00","dateModified":"2018-02-19T12:17:49+00:00","breadcrumb":{"@id":"https:\/\/revab-erasmus.eu\/es\/#breadcrumb"},"inLanguage":"es","potentialAction":[{"@type":"ReadAction","target":["https:\/\/revab-erasmus.eu\/es\/"]}]},{"@type":"BreadcrumbList","@id":"https:\/\/revab-erasmus.eu\/es\/#breadcrumb","itemListElement":[{"@type":"ListItem","position":1,"name":"Home","item":"https:\/\/revab-erasmus.eu\/es\/"},{"@type":"ListItem","position":2,"name":"Revab"}]},{"@type":"WebSite","@id":"https:\/\/revab-erasmus.eu\/#website","url":"https:\/\/revab-erasmus.eu\/","name":"Revab","description":"REuse and Valorisation of Agricultural Buildings through training based on real experiences","potentialAction":[{"@type":"SearchAction","target":{"@type":"EntryPoint","urlTemplate":"https:\/\/revab-erasmus.eu\/?s={search_term_string}"},"query-input":"required name=search_term_string"}],"inLanguage":"es"}]}},"_links":{"self":[{"href":"https:\/\/revab-erasmus.eu\/es\/wp-json\/wp\/v2\/pages\/10553"}],"collection":[{"href":"https:\/\/revab-erasmus.eu\/es\/wp-json\/wp\/v2\/pages"}],"about":[{"href":"https:\/\/revab-erasmus.eu\/es\/wp-json\/wp\/v2\/types\/page"}],"author":[{"embeddable":true,"href":"https:\/\/revab-erasmus.eu\/es\/wp-json\/wp\/v2\/users\/2"}],"replies":[{"embeddable":true,"href":"https:\/\/revab-erasmus.eu\/es\/wp-json\/wp\/v2\/comments?post=10553"}],"version-history":[{"count":5,"href":"https:\/\/revab-erasmus.eu\/es\/wp-json\/wp\/v2\/pages\/10553\/revisions"}],"predecessor-version":[{"id":14352,"href":"https:\/\/revab-erasmus.eu\/es\/wp-json\/wp\/v2\/pages\/10553\/revisions\/14352"}],"wp:attachment":[{"href":"https:\/\/revab-erasmus.eu\/es\/wp-json\/wp\/v2\/media?parent=10553"}],"curies":[{"name":"wp","href":"https:\/\/api.w.org\/{rel}","templated":true}]}}