{"id":10565,"date":"2016-03-18T08:23:18","date_gmt":"2016-03-18T14:23:18","guid":{"rendered":"http:\/\/www.revab-erasmus.eu\/partners\/"},"modified":"2018-02-23T09:03:21","modified_gmt":"2018-02-23T09:03:21","slug":"socios","status":"publish","type":"page","link":"https:\/\/revab-erasmus.eu\/es\/socios\/","title":{"rendered":"Socios"},"content":{"rendered":"<p><span style=\"font-weight: 400;\">ELO, Hof und Leben GmbH, On Projects Advising SL, Asaja \u2013 Granada, CIA Toscana y AGRI-TOUR Ltd. han firmado un acuerdo de subvenci\u00f3n bajo el auspicio del programa de financiaci\u00f3n Erasmus+\/KA2\/Asociaci\u00f3n Estrat\u00e9gica en el sector de la Formaci\u00f3n Profesional con fecha de inicio 2 de noviembre de 2015, durante un periodo de 30 meses.<br \/>\n<\/span><br \/>\n<span style=\"font-weight: 400;\">Desde principios de febrero de 2016, la <\/span><b><i>Zwia\u0328zek Pracodawco\u0301w-Dzierz\u0307awco\u0301w i W\u0142as\u0301cicieli Rolnych (ZPDIWR)<\/i><\/b><span style=\"font-weight: 400;\">, con base en Bydgoszcz, est\u00e1 apoyando al coordinador, ELO, en todas las tareas relacionadas con los casos polacos as\u00ed como en la difusi\u00f3n de los resultados finales del curso de aprendizaje online.<\/span><\/p>\n<p>&nbsp;<\/p>\n<div style=\"font-size: 18px; font-weight: bold;\"><img decoding=\"async\" loading=\"lazy\" class=\"aligncenter wp-image-12234\" src=\"http:\/\/revaberasmus.eu\/wp-content\/uploads\/2018\/02\/ELO-1.png\" alt=\"\" width=\"512\" height=\"114\" srcset=\"https:\/\/revaberasmus.eu\/wp-content\/uploads\/2018\/02\/ELO-1.png 1612w, https:\/\/revaberasmus.eu\/wp-content\/uploads\/2018\/02\/ELO-1-300x67.png 300w, https:\/\/revaberasmus.eu\/wp-content\/uploads\/2018\/02\/ELO-1-768x171.png 768w, https:\/\/revaberasmus.eu\/wp-content\/uploads\/2018\/02\/ELO-1-1024x228.png 1024w, https:\/\/revaberasmus.eu\/wp-content\/uploads\/2018\/02\/ELO-1-280x62.png 280w, https:\/\/revaberasmus.eu\/wp-content\/uploads\/2018\/02\/ELO-1-1170x261.png 1170w\" sizes=\"(max-width: 512px) 100vw, 512px\" \/><\/div>\n<p>&nbsp;<\/p>\n<p>&nbsp;<\/p>\n<p><span style=\"font-weight: 400;\">La <\/span><b>Organizaci\u00f3n Europea de Propietarios de tierras<\/b><span style=\"font-weight: 400;\"> (<\/span><b>ELO<\/b><span style=\"font-weight: 400;\"> seg\u00fan sus siglas en ingl\u00e9s), creada en 1972, es una federaci\u00f3n \u00fanica de asociaciones nacionales de la Europa de los 28, la cual representa los intereses de los propietarios de tierras, gestores forestales y gerentes de fincas y empresarios rurales a nivel pol\u00edtico europeo. El compromiso legal de ELO es defender y promover el desarrollo sostenible, la conservaci\u00f3n y la protecci\u00f3n del medio ambiente, las energ\u00edas renovables y el uso responsable de los recursos naturales. Para fomentar su punto de vista, la ELO ha desarrollado una estrategia comunicativa que incluye la elaboraci\u00f3n y la coordinaci\u00f3n de programas de acci\u00f3n, la participaci\u00f3n en la UE y en eventos internacionales, la gesti\u00f3n de grupos de estudio, la publicaci\u00f3n de estudios de opini\u00f3n y otros estudios, etc. La eficiencia de la organizaci\u00f3n radica\u00a0en su habilidad para aunar a actores rurales, gestores forestales, gerentes \u00a0de fincas, cient\u00edficos, empresas y personas con potestad de tomar decisiones pol\u00edticas a nivel local, regional, nacional y europeo. Su red de trabajo, la cual comprende m\u00e1s de 64 asociaciones por toda Europa, representa a varios millones de gestores forestales y gerentes de fincas y hace posible que se expresen opiniones compartidas por un enorme n\u00famero de partes interesadas provenientes de toda la UE y de los pa\u00edses candidatos, adem\u00e1s de analizar los efectos a nivel local de la implementaci\u00f3n de la legislaci\u00f3n de la UE. La ELO posee una experiencia sin igual en la implementaci\u00f3n de la red Natura 2000, la Pol\u00edtica Agraria Com\u00fan (PAC), el suelo, el agua, los problemas forestales y la gesti\u00f3n de los espacios naturales. La ELO lleva mucho tiempo asesorando a sus miembros, tanto agricultores o ganaderos como gerentes de fincas, en la implementaci\u00f3n de Natura 2000 y ha adquirido experiencia en esta \u00e1rea. La Comisi\u00f3n Europea invita con regularidad a la ELO a debates y grupos de trabajo, y esta asociaci\u00f3n organiza conferencias de alto nivel que se centran en Natura 2000, servicios medioambientales, PAC, gesti\u00f3n de espacios naturales y gesti\u00f3n de fincas a nivel nacional y europeo. La ELO lleva 9 a\u00f1os coorganizando el Forum for the Future of Agriculture (Foro para el Futuro de la Agricultura), (<a href=\"http:\/\/www.forumforagriculture.com\">www.forumforagriculture.com<\/a>), un evento \u00fanico que promociona los debates sobre alimentaci\u00f3n, seguridad energ\u00e9tica y medioambiental, y al cual asisten m\u00e1s de 1500 personas adem\u00e1s de la prensa internacional. La ELO est\u00e1 desarrollando el programa Wildlife Estates y la iniciativa Pollinator Network en la UE en colaboraci\u00f3n con acad\u00e9micos, ministerios y partes interesadas.<\/span><\/p>\n<p><span style=\"font-weight: 400;\">URL del participante: <\/span><a href=\"http:\/\/www.elo.org\/\"><span style=\"font-weight: 400;\">www.elo.org<\/span><\/a><\/p>\n<div><b>ELO\u00a0<\/b><\/div>\n<div>Marie Alice Budniok <a href=\"mailto:legal@elo.org\" target=\"_blank\" rel=\"noopener\">legal@elo.org<\/a><\/div>\n<div>Emmannuelle Mikosz <a href=\"mailto:emmanuelle.mikosz@elo.org\" target=\"_blank\" rel=\"noopener\">emmanuelle.mikosz@elo.org<\/a><\/div>\n<div>Servane Morand <a href=\"mailto:servane.morand@elo.org\">servane.morand@elo.org<\/a><\/div>\n<div><a href=\"http:\/\/www.elo.org\/\" target=\"_blank\" rel=\"noopener\" data-saferedirecturl=\"https:\/\/www.google.com\/url?hl=fr&amp;q=http:\/\/www.elo.org&amp;source=gmail&amp;ust=1466794720732000&amp;usg=AFQjCNFBQj1v5HwTxmeGXfJfqOUuurAmXQ\">www.elo.org<\/a><\/div>\n<div>\n<div><\/div>\n<\/div>\n<div><\/div>\n<div>\n<div>\n<div>\n<div><\/div>\n<\/div>\n<\/div>\n<\/div>\n<div>\n<div>\n<div><\/div>\n<\/div>\n<\/div>\n<div>\n<div><\/div>\n<\/div>\n<div><\/div>\n","protected":false},"excerpt":{"rendered":"<p>ELO, Hof und Leben GmbH, On Projects Advising SL, Asaja \u2013 Granada, CIA Toscana y AGRI-TOUR Ltd. han firmado un acuerdo de subvenci\u00f3n bajo el auspicio del programa de financiaci\u00f3n Erasmus+\/KA2\/Asociaci\u00f3n Estrat\u00e9gica en el sector de la Formaci\u00f3n Profesional con fecha de inicio 2 de noviembre de 2015, durante un periodo de 30 meses. Desde<\/p>\n","protected":false},"author":2,"featured_media":0,"parent":0,"menu_order":0,"comment_status":"closed","ping_status":"closed","template":"","meta":[],"yoast_head":"<!-- This site is optimized with the Yoast SEO plugin v20.3 - https:\/\/yoast.com\/wordpress\/plugins\/seo\/ -->\n<title>Socios - Revab<\/title>\n<meta name=\"robots\" content=\"index, follow, max-snippet:-1, max-image-preview:large, max-video-preview:-1\" \/>\n<link rel=\"canonical\" href=\"https:\/\/revab-erasmus.eu\/es\/socios\/\" \/>\n<meta property=\"og:locale\" content=\"es_ES\" \/>\n<meta property=\"og:type\" content=\"article\" \/>\n<meta property=\"og:title\" content=\"Socios - Revab\" \/>\n<meta property=\"og:description\" content=\"ELO, Hof und Leben GmbH, On Projects Advising SL, Asaja \u2013 Granada, CIA Toscana y AGRI-TOUR Ltd. han firmado un acuerdo de subvenci\u00f3n bajo el auspicio del programa de financiaci\u00f3n Erasmus+\/KA2\/Asociaci\u00f3n Estrat\u00e9gica en el sector de la Formaci\u00f3n Profesional con fecha de inicio 2 de noviembre de 2015, durante un periodo de 30 meses. Desde\" \/>\n<meta property=\"og:url\" content=\"https:\/\/revab-erasmus.eu\/es\/socios\/\" \/>\n<meta property=\"og:site_name\" content=\"Revab\" \/>\n<meta property=\"article:modified_time\" content=\"2018-02-23T09:03:21+00:00\" \/>\n<meta property=\"og:image\" content=\"http:\/\/revaberasmus.eu\/wp-content\/uploads\/2018\/02\/ELO-1.png\" \/>\n<meta name=\"twitter:card\" content=\"summary_large_image\" \/>\n<meta name=\"twitter:label1\" content=\"Tiempo de lectura\" \/>\n\t<meta name=\"twitter:data1\" content=\"3 minutos\" \/>\n<script type=\"application\/ld+json\" class=\"yoast-schema-graph\">{\"@context\":\"https:\/\/schema.org\",\"@graph\":[{\"@type\":\"WebPage\",\"@id\":\"https:\/\/revab-erasmus.eu\/es\/socios\/\",\"url\":\"https:\/\/revab-erasmus.eu\/es\/socios\/\",\"name\":\"Socios - Revab\",\"isPartOf\":{\"@id\":\"https:\/\/revab-erasmus.eu\/#website\"},\"datePublished\":\"2016-03-18T14:23:18+00:00\",\"dateModified\":\"2018-02-23T09:03:21+00:00\",\"breadcrumb\":{\"@id\":\"https:\/\/revab-erasmus.eu\/es\/socios\/#breadcrumb\"},\"inLanguage\":\"es\",\"potentialAction\":[{\"@type\":\"ReadAction\",\"target\":[\"https:\/\/revab-erasmus.eu\/es\/socios\/\"]}]},{\"@type\":\"BreadcrumbList\",\"@id\":\"https:\/\/revab-erasmus.eu\/es\/socios\/#breadcrumb\",\"itemListElement\":[{\"@type\":\"ListItem\",\"position\":1,\"name\":\"Home\",\"item\":\"https:\/\/revab-erasmus.eu\/es\/\"},{\"@type\":\"ListItem\",\"position\":2,\"name\":\"Socios\"}]},{\"@type\":\"WebSite\",\"@id\":\"https:\/\/revab-erasmus.eu\/#website\",\"url\":\"https:\/\/revab-erasmus.eu\/\",\"name\":\"Revab\",\"description\":\"REuse and Valorisation of Agricultural Buildings through training based on real experiences\",\"potentialAction\":[{\"@type\":\"SearchAction\",\"target\":{\"@type\":\"EntryPoint\",\"urlTemplate\":\"https:\/\/revab-erasmus.eu\/?s={search_term_string}\"},\"query-input\":\"required name=search_term_string\"}],\"inLanguage\":\"es\"}]}<\/script>\n<!-- \/ Yoast SEO plugin. -->","yoast_head_json":{"title":"Socios - Revab","robots":{"index":"index","follow":"follow","max-snippet":"max-snippet:-1","max-image-preview":"max-image-preview:large","max-video-preview":"max-video-preview:-1"},"canonical":"https:\/\/revab-erasmus.eu\/es\/socios\/","og_locale":"es_ES","og_type":"article","og_title":"Socios - Revab","og_description":"ELO, Hof und Leben GmbH, On Projects Advising SL, Asaja \u2013 Granada, CIA Toscana y AGRI-TOUR Ltd. han firmado un acuerdo de subvenci\u00f3n bajo el auspicio del programa de financiaci\u00f3n Erasmus+\/KA2\/Asociaci\u00f3n Estrat\u00e9gica en el sector de la Formaci\u00f3n Profesional con fecha de inicio 2 de noviembre de 2015, durante un periodo de 30 meses. Desde","og_url":"https:\/\/revab-erasmus.eu\/es\/socios\/","og_site_name":"Revab","article_modified_time":"2018-02-23T09:03:21+00:00","og_image":[{"url":"http:\/\/revaberasmus.eu\/wp-content\/uploads\/2018\/02\/ELO-1.png"}],"twitter_card":"summary_large_image","twitter_misc":{"Tiempo de lectura":"3 minutos"},"schema":{"@context":"https:\/\/schema.org","@graph":[{"@type":"WebPage","@id":"https:\/\/revab-erasmus.eu\/es\/socios\/","url":"https:\/\/revab-erasmus.eu\/es\/socios\/","name":"Socios - Revab","isPartOf":{"@id":"https:\/\/revab-erasmus.eu\/#website"},"datePublished":"2016-03-18T14:23:18+00:00","dateModified":"2018-02-23T09:03:21+00:00","breadcrumb":{"@id":"https:\/\/revab-erasmus.eu\/es\/socios\/#breadcrumb"},"inLanguage":"es","potentialAction":[{"@type":"ReadAction","target":["https:\/\/revab-erasmus.eu\/es\/socios\/"]}]},{"@type":"BreadcrumbList","@id":"https:\/\/revab-erasmus.eu\/es\/socios\/#breadcrumb","itemListElement":[{"@type":"ListItem","position":1,"name":"Home","item":"https:\/\/revab-erasmus.eu\/es\/"},{"@type":"ListItem","position":2,"name":"Socios"}]},{"@type":"WebSite","@id":"https:\/\/revab-erasmus.eu\/#website","url":"https:\/\/revab-erasmus.eu\/","name":"Revab","description":"REuse and Valorisation of Agricultural Buildings through training based on real experiences","potentialAction":[{"@type":"SearchAction","target":{"@type":"EntryPoint","urlTemplate":"https:\/\/revab-erasmus.eu\/?s={search_term_string}"},"query-input":"required name=search_term_string"}],"inLanguage":"es"}]}},"_links":{"self":[{"href":"https:\/\/revab-erasmus.eu\/es\/wp-json\/wp\/v2\/pages\/10565"}],"collection":[{"href":"https:\/\/revab-erasmus.eu\/es\/wp-json\/wp\/v2\/pages"}],"about":[{"href":"https:\/\/revab-erasmus.eu\/es\/wp-json\/wp\/v2\/types\/page"}],"author":[{"embeddable":true,"href":"https:\/\/revab-erasmus.eu\/es\/wp-json\/wp\/v2\/users\/2"}],"replies":[{"embeddable":true,"href":"https:\/\/revab-erasmus.eu\/es\/wp-json\/wp\/v2\/comments?post=10565"}],"version-history":[{"count":7,"href":"https:\/\/revab-erasmus.eu\/es\/wp-json\/wp\/v2\/pages\/10565\/revisions"}],"predecessor-version":[{"id":12480,"href":"https:\/\/revab-erasmus.eu\/es\/wp-json\/wp\/v2\/pages\/10565\/revisions\/12480"}],"wp:attachment":[{"href":"https:\/\/revab-erasmus.eu\/es\/wp-json\/wp\/v2\/media?parent=10565"}],"curies":[{"name":"wp","href":"https:\/\/api.w.org\/{rel}","templated":true}]}}