{"id":12596,"date":"2018-01-09T00:11:29","date_gmt":"2018-01-09T06:11:29","guid":{"rendered":"http:\/\/www.revab-erasmus.eu\/training-system\/summary-report\/"},"modified":"2018-02-23T11:57:10","modified_gmt":"2018-02-23T11:57:10","slug":"summary-report","status":"publish","type":"page","link":"https:\/\/revab-erasmus.eu\/es\/training-system\/summary-report\/","title":{"rendered":"Informe com\u00fan"},"content":{"rendered":"<h3 style=\"text-align: center;\">El informe nacional y el informe com\u00fan como base del Sistema de formaci\u00f3n<\/h3>\n<p>El prop\u00f3sito de este proyecto es centrarse en las necesidades actuales y futuras de los agricultores por lo que respecta a la reutilizaci\u00f3n y la valorizaci\u00f3n de inmuebles agr\u00edcolas utilizados previamente. Estas necesidades son:<\/p>\n<p>\u2022\u00a0 Conservar la vitalidad de la sociedad rural y mejorar los ingresos, no solo para el agricultor o ganadero sino tambi\u00e9n para la sociedad rural en su conjunto.<br \/>\n\u2022\u00a0 Crear nuevas oportunidades de empleo y promover el esp\u00edritu emprendedor.<br \/>\n\u2022\u00a0 Evitar que siga produci\u00e9ndose la reducci\u00f3n de la superficie agr\u00edcola.<br \/>\n\u2022\u00a0 Conectar la valorizaci\u00f3n y la reutilizaci\u00f3n de los inmuebles agr\u00edcolas con las actividades agropecuarias.<\/p>\n<p>Para asegurarnos casos de estudio y unidades formativas viables y \u00fatiles, es crucial disponer de informaci\u00f3n detallada sobre la situaci\u00f3n en los respectivos pa\u00edses. Adem\u00e1s, esto ayuda a crear unidades a escala europea que pueden ser implementadas por los socios por toda la UE.<\/p>\n","protected":false},"excerpt":{"rendered":"<p>El informe nacional y el informe com\u00fan como base del Sistema de formaci\u00f3n El prop\u00f3sito de este proyecto es centrarse en las necesidades actuales y futuras de los agricultores por lo que respecta a la reutilizaci\u00f3n y la valorizaci\u00f3n de inmuebles agr\u00edcolas utilizados previamente. Estas necesidades son: \u2022\u00a0 Conservar la vitalidad de la sociedad rural<\/p>\n","protected":false},"author":3,"featured_media":0,"parent":12483,"menu_order":0,"comment_status":"closed","ping_status":"closed","template":"","meta":[],"yoast_head":"<!-- This site is optimized with the Yoast SEO plugin v20.3 - https:\/\/yoast.com\/wordpress\/plugins\/seo\/ -->\n<title>Informe com\u00fan - Revab<\/title>\n<meta name=\"robots\" content=\"index, follow, max-snippet:-1, max-image-preview:large, max-video-preview:-1\" \/>\n<link rel=\"canonical\" href=\"https:\/\/revab-erasmus.eu\/es\/training-system\/summary-report\/\" \/>\n<meta property=\"og:locale\" content=\"es_ES\" \/>\n<meta property=\"og:type\" content=\"article\" \/>\n<meta property=\"og:title\" content=\"Informe com\u00fan - Revab\" \/>\n<meta property=\"og:description\" content=\"El informe nacional y el informe com\u00fan como base del Sistema de formaci\u00f3n El prop\u00f3sito de este proyecto es centrarse en las necesidades actuales y futuras de los agricultores por lo que respecta a la reutilizaci\u00f3n y la valorizaci\u00f3n de inmuebles agr\u00edcolas utilizados previamente. Estas necesidades son: \u2022\u00a0 Conservar la vitalidad de la sociedad rural\" \/>\n<meta property=\"og:url\" content=\"https:\/\/revab-erasmus.eu\/es\/training-system\/summary-report\/\" \/>\n<meta property=\"og:site_name\" content=\"Revab\" \/>\n<meta property=\"article:modified_time\" content=\"2018-02-23T11:57:10+00:00\" \/>\n<meta name=\"twitter:card\" content=\"summary_large_image\" \/>\n<meta name=\"twitter:label1\" content=\"Tiempo de lectura\" \/>\n\t<meta name=\"twitter:data1\" content=\"1 minuto\" \/>\n<script type=\"application\/ld+json\" class=\"yoast-schema-graph\">{\"@context\":\"https:\/\/schema.org\",\"@graph\":[{\"@type\":\"WebPage\",\"@id\":\"https:\/\/revab-erasmus.eu\/es\/training-system\/summary-report\/\",\"url\":\"https:\/\/revab-erasmus.eu\/es\/training-system\/summary-report\/\",\"name\":\"Informe com\u00fan - Revab\",\"isPartOf\":{\"@id\":\"https:\/\/revab-erasmus.eu\/#website\"},\"datePublished\":\"2018-01-09T06:11:29+00:00\",\"dateModified\":\"2018-02-23T11:57:10+00:00\",\"breadcrumb\":{\"@id\":\"https:\/\/revab-erasmus.eu\/es\/training-system\/summary-report\/#breadcrumb\"},\"inLanguage\":\"es\",\"potentialAction\":[{\"@type\":\"ReadAction\",\"target\":[\"https:\/\/revab-erasmus.eu\/es\/training-system\/summary-report\/\"]}]},{\"@type\":\"BreadcrumbList\",\"@id\":\"https:\/\/revab-erasmus.eu\/es\/training-system\/summary-report\/#breadcrumb\",\"itemListElement\":[{\"@type\":\"ListItem\",\"position\":1,\"name\":\"Home\",\"item\":\"https:\/\/revab-erasmus.eu\/es\/\"},{\"@type\":\"ListItem\",\"position\":2,\"name\":\"Training System\",\"item\":\"https:\/\/revab-erasmus.eu\/es\/training-system\/\"},{\"@type\":\"ListItem\",\"position\":3,\"name\":\"Informe com\u00fan\"}]},{\"@type\":\"WebSite\",\"@id\":\"https:\/\/revab-erasmus.eu\/#website\",\"url\":\"https:\/\/revab-erasmus.eu\/\",\"name\":\"Revab\",\"description\":\"REuse and Valorisation of Agricultural Buildings through training based on real experiences\",\"potentialAction\":[{\"@type\":\"SearchAction\",\"target\":{\"@type\":\"EntryPoint\",\"urlTemplate\":\"https:\/\/revab-erasmus.eu\/?s={search_term_string}\"},\"query-input\":\"required name=search_term_string\"}],\"inLanguage\":\"es\"}]}<\/script>\n<!-- \/ Yoast SEO plugin. -->","yoast_head_json":{"title":"Informe com\u00fan - Revab","robots":{"index":"index","follow":"follow","max-snippet":"max-snippet:-1","max-image-preview":"max-image-preview:large","max-video-preview":"max-video-preview:-1"},"canonical":"https:\/\/revab-erasmus.eu\/es\/training-system\/summary-report\/","og_locale":"es_ES","og_type":"article","og_title":"Informe com\u00fan - Revab","og_description":"El informe nacional y el informe com\u00fan como base del Sistema de formaci\u00f3n El prop\u00f3sito de este proyecto es centrarse en las necesidades actuales y futuras de los agricultores por lo que respecta a la reutilizaci\u00f3n y la valorizaci\u00f3n de inmuebles agr\u00edcolas utilizados previamente. Estas necesidades son: \u2022\u00a0 Conservar la vitalidad de la sociedad rural","og_url":"https:\/\/revab-erasmus.eu\/es\/training-system\/summary-report\/","og_site_name":"Revab","article_modified_time":"2018-02-23T11:57:10+00:00","twitter_card":"summary_large_image","twitter_misc":{"Tiempo de lectura":"1 minuto"},"schema":{"@context":"https:\/\/schema.org","@graph":[{"@type":"WebPage","@id":"https:\/\/revab-erasmus.eu\/es\/training-system\/summary-report\/","url":"https:\/\/revab-erasmus.eu\/es\/training-system\/summary-report\/","name":"Informe com\u00fan - Revab","isPartOf":{"@id":"https:\/\/revab-erasmus.eu\/#website"},"datePublished":"2018-01-09T06:11:29+00:00","dateModified":"2018-02-23T11:57:10+00:00","breadcrumb":{"@id":"https:\/\/revab-erasmus.eu\/es\/training-system\/summary-report\/#breadcrumb"},"inLanguage":"es","potentialAction":[{"@type":"ReadAction","target":["https:\/\/revab-erasmus.eu\/es\/training-system\/summary-report\/"]}]},{"@type":"BreadcrumbList","@id":"https:\/\/revab-erasmus.eu\/es\/training-system\/summary-report\/#breadcrumb","itemListElement":[{"@type":"ListItem","position":1,"name":"Home","item":"https:\/\/revab-erasmus.eu\/es\/"},{"@type":"ListItem","position":2,"name":"Training System","item":"https:\/\/revab-erasmus.eu\/es\/training-system\/"},{"@type":"ListItem","position":3,"name":"Informe com\u00fan"}]},{"@type":"WebSite","@id":"https:\/\/revab-erasmus.eu\/#website","url":"https:\/\/revab-erasmus.eu\/","name":"Revab","description":"REuse and Valorisation of Agricultural Buildings through training based on real experiences","potentialAction":[{"@type":"SearchAction","target":{"@type":"EntryPoint","urlTemplate":"https:\/\/revab-erasmus.eu\/?s={search_term_string}"},"query-input":"required name=search_term_string"}],"inLanguage":"es"}]}},"_links":{"self":[{"href":"https:\/\/revab-erasmus.eu\/es\/wp-json\/wp\/v2\/pages\/12596"}],"collection":[{"href":"https:\/\/revab-erasmus.eu\/es\/wp-json\/wp\/v2\/pages"}],"about":[{"href":"https:\/\/revab-erasmus.eu\/es\/wp-json\/wp\/v2\/types\/page"}],"author":[{"embeddable":true,"href":"https:\/\/revab-erasmus.eu\/es\/wp-json\/wp\/v2\/users\/3"}],"replies":[{"embeddable":true,"href":"https:\/\/revab-erasmus.eu\/es\/wp-json\/wp\/v2\/comments?post=12596"}],"version-history":[{"count":6,"href":"https:\/\/revab-erasmus.eu\/es\/wp-json\/wp\/v2\/pages\/12596\/revisions"}],"predecessor-version":[{"id":12635,"href":"https:\/\/revab-erasmus.eu\/es\/wp-json\/wp\/v2\/pages\/12596\/revisions\/12635"}],"up":[{"embeddable":true,"href":"https:\/\/revab-erasmus.eu\/es\/wp-json\/wp\/v2\/pages\/12483"}],"wp:attachment":[{"href":"https:\/\/revab-erasmus.eu\/es\/wp-json\/wp\/v2\/media?parent=12596"}],"curies":[{"name":"wp","href":"https:\/\/api.w.org\/{rel}","templated":true}]}}