{"id":10549,"date":"2016-03-18T08:32:05","date_gmt":"2016-03-18T14:32:05","guid":{"rendered":"http:\/\/www.revab-erasmus.eu\/home\/"},"modified":"2018-04-18T10:58:58","modified_gmt":"2018-04-18T09:58:58","slug":"home","status":"publish","type":"page","link":"https:\/\/revab-erasmus.eu\/fr\/","title":{"rendered":"REVAB"},"content":{"rendered":"<p style=\"text-align: left;\"><strong>REVAB: REuse and Valorisation of Agricultural Buildings through training based on real experiences<\/strong><\/p>\n<p style=\"text-align: left;\"><span style=\"font-weight: 400;\">Depuis ces derni\u00e8res ann\u00e9es, les zones rurales ont d\u00fb faire face \u00e0 des d\u00e9fis difficiles\u00a0: le taux de ch\u00f4mage pr\u00e9dominant dans les r\u00e9gions rurales europ\u00e9ennes atteint 11% compar\u00e9 \u00e0 8.5% en Europe et l\u2019\u00e9norme consommation des terres agricoles pour l\u2019installation, le trafic routier et l\u2019industrie. Ceci a conduit \u00e0 la perte des centres de vie ruraux o\u00f9 l\u2019utilisation des b\u00e2timents agricoles est inexistante. Le potentiel de r\u00e9utilisation des b\u00e2timents agricoles existants est cons\u00e9quent mais un manque de possibilit\u00e9s demeure concernant l\u2019acquisition de vraies exp\u00e9riences d\u2019entrepreneurs \u00e0 entrepreneurs dans ce domaine. L\u2019acc\u00e8s \u00e0 la formation est un facteur cl\u00e9 qui n\u00e9cessite d\u2019\u00eatre enrichi.<\/span><\/p>\n<p style=\"text-align: left;\"><span style=\"font-weight: 400;\">Les objectifs du projet REVAB sont:<\/span><\/p>\n<p style=\"text-align: left;\"><span style=\"font-weight: 400;\">&#8211; Encourager l\u2019approche entrepreneuriale de l\u2019utilisation des b\u00e2timents agricoles existants dans les diff\u00e9rentes r\u00e9gions europ\u00e9ennes (IT, ES, BG, DE, PL)<\/span><\/p>\n<p style=\"text-align: left;\">&#8211;\u00a0<span style=\"font-weight: 400;\">Stimuler les entrepreneurs, les propri\u00e9taires ruraux et fonciers ainsi que les jeunes agriculteurs \u00e0 penser aux possibilit\u00e9s de (r\u00e9)utilisation et de valorisation des propri\u00e9t\u00e9s et fermes existantes tout en respectant les effets sociaux, \u00e9conomiques et \u00e9cologiques.<\/span><\/p>\n<p style=\"text-align: left;\"><span style=\"font-weight: 400;\">&#8211; Eviter toute utilisation suppl\u00e9mentaire des terres agricoles \u00e0 des fins industrielles et d\u2019installations.<\/span><\/p>\n<p style=\"text-align: left;\"><span style=\"font-weight: 400;\">Finalement, le projet REVAB produira la premi\u00e8re source compl\u00e8te, flexible et ouverte de syst\u00e8me de formation sur la r\u00e9utilisation et la valorisation des b\u00e2timents agricoles. Puisque l\u2019un des principaux outils du syst\u00e8me reposera sur des \u00e9tudes de cas, les stagiaires auront l\u2019opportunit\u00e9 d\u2019apprendre au travers de vraies exp\u00e9riences r\u00e9ussies et pour la premi\u00e8re fois, un \u00e9change entrepreneurial sera possible au niveau r\u00e9gional, national et europ\u00e9en. Le syst\u00e8me de formation REVAB inclura tous les aspects de p\u00e9rennit\u00e9 (sociaux, environnementaux et culturels) \u00a0\u00a0ainsi que l\u2019aspect purement \u00e9conomique qui seront r\u00e9alis\u00e9s \u00e0 travers l\u2019utilisation de TIC et de e-apprentissage.<\/span><\/p>\n","protected":false},"excerpt":{"rendered":"<p>REVAB: REuse and Valorisation of Agricultural Buildings through training based on real experiences Depuis ces derni\u00e8res ann\u00e9es, les zones rurales ont d\u00fb faire face \u00e0 des d\u00e9fis difficiles\u00a0: le taux de ch\u00f4mage pr\u00e9dominant dans les r\u00e9gions rurales europ\u00e9ennes atteint 11% compar\u00e9 \u00e0 8.5% en Europe et l\u2019\u00e9norme consommation des terres agricoles pour l\u2019installation, le trafic<\/p>\n","protected":false},"author":2,"featured_media":0,"parent":0,"menu_order":0,"comment_status":"closed","ping_status":"closed","template":"","meta":[],"yoast_head":"<!-- This site is optimized with the Yoast SEO plugin v20.3 - https:\/\/yoast.com\/wordpress\/plugins\/seo\/ -->\n<title>REVAB - Revab<\/title>\n<meta name=\"robots\" content=\"index, follow, max-snippet:-1, max-image-preview:large, max-video-preview:-1\" \/>\n<link rel=\"canonical\" href=\"https:\/\/revab-erasmus.eu\/fr\/\" \/>\n<meta property=\"og:locale\" content=\"fr_FR\" \/>\n<meta property=\"og:type\" content=\"article\" \/>\n<meta property=\"og:title\" content=\"REVAB - Revab\" \/>\n<meta property=\"og:description\" content=\"REVAB: REuse and Valorisation of Agricultural Buildings through training based on real experiences Depuis ces derni\u00e8res ann\u00e9es, les zones rurales ont d\u00fb faire face \u00e0 des d\u00e9fis difficiles\u00a0: le taux de ch\u00f4mage pr\u00e9dominant dans les r\u00e9gions rurales europ\u00e9ennes atteint 11% compar\u00e9 \u00e0 8.5% en Europe et l\u2019\u00e9norme consommation des terres agricoles pour l\u2019installation, le trafic\" \/>\n<meta property=\"og:url\" content=\"https:\/\/revab-erasmus.eu\/fr\/\" \/>\n<meta property=\"og:site_name\" content=\"Revab\" \/>\n<meta property=\"article:modified_time\" content=\"2018-04-18T09:58:58+00:00\" \/>\n<meta name=\"twitter:card\" content=\"summary_large_image\" \/>\n<meta name=\"twitter:label1\" content=\"Dur\u00e9e de lecture estim\u00e9e\" \/>\n\t<meta name=\"twitter:data1\" content=\"2 minutes\" \/>\n<script type=\"application\/ld+json\" class=\"yoast-schema-graph\">{\"@context\":\"https:\/\/schema.org\",\"@graph\":[{\"@type\":\"WebPage\",\"@id\":\"https:\/\/revab-erasmus.eu\/fr\/\",\"url\":\"https:\/\/revab-erasmus.eu\/fr\/\",\"name\":\"REVAB - Revab\",\"isPartOf\":{\"@id\":\"https:\/\/revab-erasmus.eu\/#website\"},\"datePublished\":\"2016-03-18T14:32:05+00:00\",\"dateModified\":\"2018-04-18T09:58:58+00:00\",\"breadcrumb\":{\"@id\":\"https:\/\/revab-erasmus.eu\/fr\/#breadcrumb\"},\"inLanguage\":\"fr-FR\",\"potentialAction\":[{\"@type\":\"ReadAction\",\"target\":[\"https:\/\/revab-erasmus.eu\/fr\/\"]}]},{\"@type\":\"BreadcrumbList\",\"@id\":\"https:\/\/revab-erasmus.eu\/fr\/#breadcrumb\",\"itemListElement\":[{\"@type\":\"ListItem\",\"position\":1,\"name\":\"Home\",\"item\":\"https:\/\/revab-erasmus.eu\/fr\/\"},{\"@type\":\"ListItem\",\"position\":2,\"name\":\"REVAB\"}]},{\"@type\":\"WebSite\",\"@id\":\"https:\/\/revab-erasmus.eu\/#website\",\"url\":\"https:\/\/revab-erasmus.eu\/\",\"name\":\"Revab\",\"description\":\"REuse and Valorisation of Agricultural Buildings through training based on real experiences\",\"potentialAction\":[{\"@type\":\"SearchAction\",\"target\":{\"@type\":\"EntryPoint\",\"urlTemplate\":\"https:\/\/revab-erasmus.eu\/?s={search_term_string}\"},\"query-input\":\"required name=search_term_string\"}],\"inLanguage\":\"fr-FR\"}]}<\/script>\n<!-- \/ Yoast SEO plugin. -->","yoast_head_json":{"title":"REVAB - Revab","robots":{"index":"index","follow":"follow","max-snippet":"max-snippet:-1","max-image-preview":"max-image-preview:large","max-video-preview":"max-video-preview:-1"},"canonical":"https:\/\/revab-erasmus.eu\/fr\/","og_locale":"fr_FR","og_type":"article","og_title":"REVAB - Revab","og_description":"REVAB: REuse and Valorisation of Agricultural Buildings through training based on real experiences Depuis ces derni\u00e8res ann\u00e9es, les zones rurales ont d\u00fb faire face \u00e0 des d\u00e9fis difficiles\u00a0: le taux de ch\u00f4mage pr\u00e9dominant dans les r\u00e9gions rurales europ\u00e9ennes atteint 11% compar\u00e9 \u00e0 8.5% en Europe et l\u2019\u00e9norme consommation des terres agricoles pour l\u2019installation, le trafic","og_url":"https:\/\/revab-erasmus.eu\/fr\/","og_site_name":"Revab","article_modified_time":"2018-04-18T09:58:58+00:00","twitter_card":"summary_large_image","twitter_misc":{"Dur\u00e9e de lecture estim\u00e9e":"2 minutes"},"schema":{"@context":"https:\/\/schema.org","@graph":[{"@type":"WebPage","@id":"https:\/\/revab-erasmus.eu\/fr\/","url":"https:\/\/revab-erasmus.eu\/fr\/","name":"REVAB - Revab","isPartOf":{"@id":"https:\/\/revab-erasmus.eu\/#website"},"datePublished":"2016-03-18T14:32:05+00:00","dateModified":"2018-04-18T09:58:58+00:00","breadcrumb":{"@id":"https:\/\/revab-erasmus.eu\/fr\/#breadcrumb"},"inLanguage":"fr-FR","potentialAction":[{"@type":"ReadAction","target":["https:\/\/revab-erasmus.eu\/fr\/"]}]},{"@type":"BreadcrumbList","@id":"https:\/\/revab-erasmus.eu\/fr\/#breadcrumb","itemListElement":[{"@type":"ListItem","position":1,"name":"Home","item":"https:\/\/revab-erasmus.eu\/fr\/"},{"@type":"ListItem","position":2,"name":"REVAB"}]},{"@type":"WebSite","@id":"https:\/\/revab-erasmus.eu\/#website","url":"https:\/\/revab-erasmus.eu\/","name":"Revab","description":"REuse and Valorisation of Agricultural Buildings through training based on real experiences","potentialAction":[{"@type":"SearchAction","target":{"@type":"EntryPoint","urlTemplate":"https:\/\/revab-erasmus.eu\/?s={search_term_string}"},"query-input":"required name=search_term_string"}],"inLanguage":"fr-FR"}]}},"_links":{"self":[{"href":"https:\/\/revab-erasmus.eu\/fr\/wp-json\/wp\/v2\/pages\/10549"}],"collection":[{"href":"https:\/\/revab-erasmus.eu\/fr\/wp-json\/wp\/v2\/pages"}],"about":[{"href":"https:\/\/revab-erasmus.eu\/fr\/wp-json\/wp\/v2\/types\/page"}],"author":[{"embeddable":true,"href":"https:\/\/revab-erasmus.eu\/fr\/wp-json\/wp\/v2\/users\/2"}],"replies":[{"embeddable":true,"href":"https:\/\/revab-erasmus.eu\/fr\/wp-json\/wp\/v2\/comments?post=10549"}],"version-history":[{"count":5,"href":"https:\/\/revab-erasmus.eu\/fr\/wp-json\/wp\/v2\/pages\/10549\/revisions"}],"predecessor-version":[{"id":15647,"href":"https:\/\/revab-erasmus.eu\/fr\/wp-json\/wp\/v2\/pages\/10549\/revisions\/15647"}],"wp:attachment":[{"href":"https:\/\/revab-erasmus.eu\/fr\/wp-json\/wp\/v2\/media?parent=10549"}],"curies":[{"name":"wp","href":"https:\/\/api.w.org\/{rel}","templated":true}]}}