{"id":10561,"date":"2016-03-18T08:23:18","date_gmt":"2016-03-18T14:23:18","guid":{"rendered":"http:\/\/www.revab-erasmus.eu\/partners\/"},"modified":"2018-06-07T11:10:33","modified_gmt":"2018-06-07T10:10:33","slug":"partners","status":"publish","type":"page","link":"https:\/\/revab-erasmus.eu\/fr\/partners\/","title":{"rendered":"Partenaires"},"content":{"rendered":"<p>ELO, Hof und Leben GmbH, On Projects Advising SL, Asaja \u2013 Granada, CIA Toscana et AGRITOUR Ltd, ont sign\u00e9 un accord sous le programme Erasmus+\/KA2\/Partenariats Strat\u00e9giques pour VET depuis le 2 novembre 2015 pour une dur\u00e9e de 30 mois.<\/p>\n<p>Depuis d\u00e9but f\u00e9vrier le <strong><em>Zwia\u0328zek Pracodawco\u0301w-Dzierz\u0307awco\u0301w i W\u0142as\u0301cicieli Rolnych<\/em><\/strong><em> (ZPDIWR)<\/em> situ\u00e9 \u00e0 Bydgoszcz soutient le coordinateur, ELO, dans toutes ses d\u00e9marches li\u00e9es au cas polonais ainsi que la diffusion des r\u00e9sultats finaux de cours e-apprentissage.<\/p>\n<p>&nbsp;<\/p>\n<p><img decoding=\"async\" loading=\"lazy\" class=\"aligncenter wp-image-12228\" src=\"http:\/\/revaberasmus.eu\/wp-content\/uploads\/2018\/02\/ELO-1.png\" alt=\"\" width=\"512\" height=\"114\" srcset=\"https:\/\/revaberasmus.eu\/wp-content\/uploads\/2018\/02\/ELO-1.png 1612w, https:\/\/revaberasmus.eu\/wp-content\/uploads\/2018\/02\/ELO-1-300x67.png 300w, https:\/\/revaberasmus.eu\/wp-content\/uploads\/2018\/02\/ELO-1-768x171.png 768w, https:\/\/revaberasmus.eu\/wp-content\/uploads\/2018\/02\/ELO-1-1024x228.png 1024w, https:\/\/revaberasmus.eu\/wp-content\/uploads\/2018\/02\/ELO-1-280x62.png 280w, https:\/\/revaberasmus.eu\/wp-content\/uploads\/2018\/02\/ELO-1-1170x261.png 1170w\" sizes=\"(max-width: 512px) 100vw, 512px\" \/><\/p>\n<p>&nbsp;<\/p>\n<p><strong>European Landowners Organization \u2013 ELO<\/strong> asbl, cr\u00e9\u00e9e en 1972, est une f\u00e9d\u00e9ration unique d\u2019associations nationales de l\u2019UE des 28 qui repr\u00e9sente les int\u00e9r\u00eats des propri\u00e9taires et entrepreneurs ruraux et des gestionnaires de for\u00eats au niveau politique europ\u00e9en. L\u2019engagement statutaire d\u2019ELO est de d\u00e9fendre et promouvoir le d\u00e9veloppement durable, la conservation et la protection de l\u2019environnement, les \u00e9nergies renouvelables et l\u2019utilisation responsable des ressources naturelles. Pour favoriser ses positions, ELO a d\u00e9velopp\u00e9 une strat\u00e9gie de communication incluant l\u2019\u00e9laboration et la coordination de programmes d\u2019actions, l\u2019implication dans les \u00e9v\u00e8nements internationaux et europ\u00e9ens, la gestion des think-tank, la publication de position papers, d\u2019\u00e9tudes, etc\u2026<\/p>\n<p>L\u2019efficacit\u00e9 de l\u2019organisation repose sur sa capacit\u00e9 \u00e0 rassembler les acteurs ruraux et les gestionnaires terriens et forestiers, les scientifiques, les d\u00e9cideurs politiques et d\u2019entreprises au niveau r\u00e9gional, national et europ\u00e9en. Son r\u00e9seau de plus de 64 organisations \u00e0 travers l\u2019Europe repr\u00e9sente plusieurs millions de gestionnaires terriens et forestiers et fournit la capacit\u00e9 de faire entendre les positions partag\u00e9es par un grand nombre de parties prenantes de toute l\u2019Europe et des pays candidats, ainsi que l\u2019analyse des effets locaux de l\u2019application de la l\u00e9gislation europ\u00e9enne. L\u2019exp\u00e9rience d\u2019ELO est in\u00e9galable sur la mise en \u0153uvre du r\u00e9seau de Natura 2000 et des questions relatives \u00e0 la PAC, des sols, de l\u2019eau, de la foresterie et de la gestion rurale. ELO conseille et informe ses membres, agriculteurs et gestionnaires terriens de l\u2019application de Natura 2000 et a acquis une exp\u00e9rience dans ce domaine. ELO est r\u00e9guli\u00e8rement invit\u00e9e aux groupes de travail et d\u00e9bats de la CE et organise des conf\u00e9rences de haut niveau concernant Natura 2000, les services environnementaux, la PAC, la gestion rurale\/de propri\u00e9t\u00e9 au niveau europ\u00e9en et national. ELO co-organise depuis 9 ans le Forum pour le Futur de l\u2019Agriculture <a href=\"http:\/\/www.forumforagriculture.com\/\">www.forumforagriculture.com<\/a>, \u00e9v\u00e8nement unique faisant avancer les discussions sur l\u2019alimentation, la s\u00e9curit\u00e9 environnementale et \u00e9nerg\u00e9tique, 1500 personnes et la presse internationale y ont particip\u00e9.<\/p>\n<p>ELO d\u00e9veloppe le programme Wildlife Estates et l\u2019initiative du R\u00e9seau Pollinisateur au sein de l\u2019UE en collaboration avec des universitaires, des minist\u00e8res et des parties prenantes.<\/p>\n<p><span style=\"font-weight: 400;\">URL des participants:\u00a0<\/span><a href=\"http:\/\/www.elo.org\/\"><span style=\"font-weight: 400;\">www.elo.org<\/span><\/a><\/p>\n<div><b>ELO\u00a0<\/b><\/div>\n<div>Marie Alice Budniok <a href=\"mailto:legal@elo.org\" target=\"_blank\" rel=\"noopener\">legal@elo.org<\/a><\/div>\n<div>Emmannuelle Mikosz <a href=\"mailto:emmanuelle.mikosz@elo.org\" target=\"_blank\" rel=\"noopener\">emmanuelle.mikosz@elo.org<\/a><\/div>\n<div>Servane Morand <a href=\"mailto:servane.morand@elo.org\">servane.morand@elo.org<\/a><\/div>\n<div><a href=\"http:\/\/www.elo.org\/\" target=\"_blank\" rel=\"noopener\" data-saferedirecturl=\"https:\/\/www.google.com\/url?hl=fr&amp;q=http:\/\/www.elo.org&amp;source=gmail&amp;ust=1466794720732000&amp;usg=AFQjCNFBQj1v5HwTxmeGXfJfqOUuurAmXQ\">www.elo.org<\/a><\/div>\n<div><\/div>\n","protected":false},"excerpt":{"rendered":"<p>ELO, Hof und Leben GmbH, On Projects Advising SL, Asaja \u2013 Granada, CIA Toscana et AGRITOUR Ltd, ont sign\u00e9 un accord sous le programme Erasmus+\/KA2\/Partenariats Strat\u00e9giques pour VET depuis le 2 novembre 2015 pour une dur\u00e9e de 30 mois. Depuis d\u00e9but f\u00e9vrier le Zwia\u0328zek Pracodawco\u0301w-Dzierz\u0307awco\u0301w i W\u0142as\u0301cicieli Rolnych (ZPDIWR) situ\u00e9 \u00e0 Bydgoszcz soutient le coordinateur,<\/p>\n","protected":false},"author":2,"featured_media":0,"parent":0,"menu_order":0,"comment_status":"closed","ping_status":"closed","template":"","meta":[],"yoast_head":"<!-- This site is optimized with the Yoast SEO plugin v20.3 - https:\/\/yoast.com\/wordpress\/plugins\/seo\/ -->\n<title>Partenaires - Revab<\/title>\n<meta name=\"robots\" content=\"index, follow, max-snippet:-1, max-image-preview:large, max-video-preview:-1\" \/>\n<link rel=\"canonical\" href=\"https:\/\/revab-erasmus.eu\/fr\/partners\/\" \/>\n<meta property=\"og:locale\" content=\"fr_FR\" \/>\n<meta property=\"og:type\" content=\"article\" \/>\n<meta property=\"og:title\" content=\"Partenaires - Revab\" \/>\n<meta property=\"og:description\" content=\"ELO, Hof und Leben GmbH, On Projects Advising SL, Asaja \u2013 Granada, CIA Toscana et AGRITOUR Ltd, ont sign\u00e9 un accord sous le programme Erasmus+\/KA2\/Partenariats Strat\u00e9giques pour VET depuis le 2 novembre 2015 pour une dur\u00e9e de 30 mois. Depuis d\u00e9but f\u00e9vrier le Zwia\u0328zek Pracodawco\u0301w-Dzierz\u0307awco\u0301w i W\u0142as\u0301cicieli Rolnych (ZPDIWR) situ\u00e9 \u00e0 Bydgoszcz soutient le coordinateur,\" \/>\n<meta property=\"og:url\" content=\"https:\/\/revab-erasmus.eu\/fr\/partners\/\" \/>\n<meta property=\"og:site_name\" content=\"Revab\" \/>\n<meta property=\"article:modified_time\" content=\"2018-06-07T10:10:33+00:00\" \/>\n<meta property=\"og:image\" content=\"http:\/\/revaberasmus.eu\/wp-content\/uploads\/2018\/02\/ELO-1.png\" \/>\n<meta name=\"twitter:card\" content=\"summary_large_image\" \/>\n<meta name=\"twitter:label1\" content=\"Dur\u00e9e de lecture estim\u00e9e\" \/>\n\t<meta name=\"twitter:data1\" content=\"3 minutes\" \/>\n<script type=\"application\/ld+json\" class=\"yoast-schema-graph\">{\"@context\":\"https:\/\/schema.org\",\"@graph\":[{\"@type\":\"WebPage\",\"@id\":\"https:\/\/revab-erasmus.eu\/fr\/partners\/\",\"url\":\"https:\/\/revab-erasmus.eu\/fr\/partners\/\",\"name\":\"Partenaires - Revab\",\"isPartOf\":{\"@id\":\"https:\/\/revab-erasmus.eu\/#website\"},\"datePublished\":\"2016-03-18T14:23:18+00:00\",\"dateModified\":\"2018-06-07T10:10:33+00:00\",\"breadcrumb\":{\"@id\":\"https:\/\/revab-erasmus.eu\/fr\/partners\/#breadcrumb\"},\"inLanguage\":\"fr-FR\",\"potentialAction\":[{\"@type\":\"ReadAction\",\"target\":[\"https:\/\/revab-erasmus.eu\/fr\/partners\/\"]}]},{\"@type\":\"BreadcrumbList\",\"@id\":\"https:\/\/revab-erasmus.eu\/fr\/partners\/#breadcrumb\",\"itemListElement\":[{\"@type\":\"ListItem\",\"position\":1,\"name\":\"Home\",\"item\":\"https:\/\/revab-erasmus.eu\/fr\/\"},{\"@type\":\"ListItem\",\"position\":2,\"name\":\"Partenaires\"}]},{\"@type\":\"WebSite\",\"@id\":\"https:\/\/revab-erasmus.eu\/#website\",\"url\":\"https:\/\/revab-erasmus.eu\/\",\"name\":\"Revab\",\"description\":\"REuse and Valorisation of Agricultural Buildings through training based on real experiences\",\"potentialAction\":[{\"@type\":\"SearchAction\",\"target\":{\"@type\":\"EntryPoint\",\"urlTemplate\":\"https:\/\/revab-erasmus.eu\/?s={search_term_string}\"},\"query-input\":\"required name=search_term_string\"}],\"inLanguage\":\"fr-FR\"}]}<\/script>\n<!-- \/ Yoast SEO plugin. -->","yoast_head_json":{"title":"Partenaires - Revab","robots":{"index":"index","follow":"follow","max-snippet":"max-snippet:-1","max-image-preview":"max-image-preview:large","max-video-preview":"max-video-preview:-1"},"canonical":"https:\/\/revab-erasmus.eu\/fr\/partners\/","og_locale":"fr_FR","og_type":"article","og_title":"Partenaires - Revab","og_description":"ELO, Hof und Leben GmbH, On Projects Advising SL, Asaja \u2013 Granada, CIA Toscana et AGRITOUR Ltd, ont sign\u00e9 un accord sous le programme Erasmus+\/KA2\/Partenariats Strat\u00e9giques pour VET depuis le 2 novembre 2015 pour une dur\u00e9e de 30 mois. Depuis d\u00e9but f\u00e9vrier le Zwia\u0328zek Pracodawco\u0301w-Dzierz\u0307awco\u0301w i W\u0142as\u0301cicieli Rolnych (ZPDIWR) situ\u00e9 \u00e0 Bydgoszcz soutient le coordinateur,","og_url":"https:\/\/revab-erasmus.eu\/fr\/partners\/","og_site_name":"Revab","article_modified_time":"2018-06-07T10:10:33+00:00","og_image":[{"url":"http:\/\/revaberasmus.eu\/wp-content\/uploads\/2018\/02\/ELO-1.png"}],"twitter_card":"summary_large_image","twitter_misc":{"Dur\u00e9e de lecture estim\u00e9e":"3 minutes"},"schema":{"@context":"https:\/\/schema.org","@graph":[{"@type":"WebPage","@id":"https:\/\/revab-erasmus.eu\/fr\/partners\/","url":"https:\/\/revab-erasmus.eu\/fr\/partners\/","name":"Partenaires - Revab","isPartOf":{"@id":"https:\/\/revab-erasmus.eu\/#website"},"datePublished":"2016-03-18T14:23:18+00:00","dateModified":"2018-06-07T10:10:33+00:00","breadcrumb":{"@id":"https:\/\/revab-erasmus.eu\/fr\/partners\/#breadcrumb"},"inLanguage":"fr-FR","potentialAction":[{"@type":"ReadAction","target":["https:\/\/revab-erasmus.eu\/fr\/partners\/"]}]},{"@type":"BreadcrumbList","@id":"https:\/\/revab-erasmus.eu\/fr\/partners\/#breadcrumb","itemListElement":[{"@type":"ListItem","position":1,"name":"Home","item":"https:\/\/revab-erasmus.eu\/fr\/"},{"@type":"ListItem","position":2,"name":"Partenaires"}]},{"@type":"WebSite","@id":"https:\/\/revab-erasmus.eu\/#website","url":"https:\/\/revab-erasmus.eu\/","name":"Revab","description":"REuse and Valorisation of Agricultural Buildings through training based on real experiences","potentialAction":[{"@type":"SearchAction","target":{"@type":"EntryPoint","urlTemplate":"https:\/\/revab-erasmus.eu\/?s={search_term_string}"},"query-input":"required name=search_term_string"}],"inLanguage":"fr-FR"}]}},"_links":{"self":[{"href":"https:\/\/revab-erasmus.eu\/fr\/wp-json\/wp\/v2\/pages\/10561"}],"collection":[{"href":"https:\/\/revab-erasmus.eu\/fr\/wp-json\/wp\/v2\/pages"}],"about":[{"href":"https:\/\/revab-erasmus.eu\/fr\/wp-json\/wp\/v2\/types\/page"}],"author":[{"embeddable":true,"href":"https:\/\/revab-erasmus.eu\/fr\/wp-json\/wp\/v2\/users\/2"}],"replies":[{"embeddable":true,"href":"https:\/\/revab-erasmus.eu\/fr\/wp-json\/wp\/v2\/comments?post=10561"}],"version-history":[{"count":6,"href":"https:\/\/revab-erasmus.eu\/fr\/wp-json\/wp\/v2\/pages\/10561\/revisions"}],"predecessor-version":[{"id":15649,"href":"https:\/\/revab-erasmus.eu\/fr\/wp-json\/wp\/v2\/pages\/10561\/revisions\/15649"}],"wp:attachment":[{"href":"https:\/\/revab-erasmus.eu\/fr\/wp-json\/wp\/v2\/media?parent=10561"}],"curies":[{"name":"wp","href":"https:\/\/api.w.org\/{rel}","templated":true}]}}