{"id":14388,"date":"2018-01-09T00:11:29","date_gmt":"2018-01-09T06:11:29","guid":{"rendered":"http:\/\/www.revab-erasmus.eu\/summary-report\/"},"modified":"2018-06-07T11:39:28","modified_gmt":"2018-06-07T10:39:28","slug":"summary-report","status":"publish","type":"page","link":"https:\/\/revab-erasmus.eu\/fr\/training-system\/summary-report\/","title":{"rendered":"Rapport de synth\u00e8se"},"content":{"rendered":"<h3 style=\"text-align: center;\">R\u00e9sum\u00e9-Rapport National comme base pour le syst\u00e8me de formation<\/h3>\n<p>L\u2019objectif de ce projet concernant les besoins actuels et futurs des agriculteurs au sujet de la r\u00e9utilisation et de la valorisation des b\u00e2timents agricoles existants :<\/p>\n<p>\u2022 Garder la soci\u00e9t\u00e9 rurale vivante, maintenir et am\u00e9liorer les revenus, non seulement pour les agriculteurs, mais aussi pour la soci\u00e9t\u00e9 rurale dans son ensemble.<br \/>\n\u2022 Cr\u00e9er de nouvelles opportunit\u00e9s de travail et promouvoir l\u2019esprit entrepreneurial.<br \/>\n\u2022 \u00c9viter les utilisations suppl\u00e9mentaires des terres agricoles.<br \/>\n\u2022 Lier la valorisation et la r\u00e9utilisation des b\u00e2timents agricoles existants.<\/p>\n<p>Assurer les unit\u00e9s de formation utiles et pratiques comme des \u00e9tudes de cas. Il est tr\u00e8s important d&rsquo;avoir des informations d\u00e9taill\u00e9es sur la situation des zones rurales. En outre, cela permet de cr\u00e9er des unit\u00e9s au niveau europ\u00e9en qui peuvent \u00eatre appliqu\u00e9es dans toute l&rsquo;UE par les partenaires.<\/p>\n","protected":false},"excerpt":{"rendered":"<p>R\u00e9sum\u00e9-Rapport National comme base pour le syst\u00e8me de formation L\u2019objectif de ce projet concernant les besoins actuels et futurs des agriculteurs au sujet de la r\u00e9utilisation et de la valorisation des b\u00e2timents agricoles existants : \u2022 Garder la soci\u00e9t\u00e9 rurale vivante, maintenir et am\u00e9liorer les revenus, non seulement pour les agriculteurs, mais aussi pour la<\/p>\n","protected":false},"author":3,"featured_media":0,"parent":14392,"menu_order":0,"comment_status":"closed","ping_status":"closed","template":"","meta":[],"yoast_head":"<!-- This site is optimized with the Yoast SEO plugin v20.3 - https:\/\/yoast.com\/wordpress\/plugins\/seo\/ -->\n<title>Rapport de synth\u00e8se - Revab<\/title>\n<meta name=\"robots\" content=\"index, follow, max-snippet:-1, max-image-preview:large, max-video-preview:-1\" \/>\n<link rel=\"canonical\" href=\"https:\/\/revab-erasmus.eu\/fr\/training-system\/summary-report\/\" \/>\n<meta property=\"og:locale\" content=\"fr_FR\" \/>\n<meta property=\"og:type\" content=\"article\" \/>\n<meta property=\"og:title\" content=\"Rapport de synth\u00e8se - Revab\" \/>\n<meta property=\"og:description\" content=\"R\u00e9sum\u00e9-Rapport National comme base pour le syst\u00e8me de formation L\u2019objectif de ce projet concernant les besoins actuels et futurs des agriculteurs au sujet de la r\u00e9utilisation et de la valorisation des b\u00e2timents agricoles existants : \u2022 Garder la soci\u00e9t\u00e9 rurale vivante, maintenir et am\u00e9liorer les revenus, non seulement pour les agriculteurs, mais aussi pour la\" \/>\n<meta property=\"og:url\" content=\"https:\/\/revab-erasmus.eu\/fr\/training-system\/summary-report\/\" \/>\n<meta property=\"og:site_name\" content=\"Revab\" \/>\n<meta property=\"article:modified_time\" content=\"2018-06-07T10:39:28+00:00\" \/>\n<meta name=\"twitter:card\" content=\"summary_large_image\" \/>\n<meta name=\"twitter:label1\" content=\"Dur\u00e9e de lecture estim\u00e9e\" \/>\n\t<meta name=\"twitter:data1\" content=\"1 minute\" \/>\n<script type=\"application\/ld+json\" class=\"yoast-schema-graph\">{\"@context\":\"https:\/\/schema.org\",\"@graph\":[{\"@type\":\"WebPage\",\"@id\":\"https:\/\/revab-erasmus.eu\/fr\/training-system\/summary-report\/\",\"url\":\"https:\/\/revab-erasmus.eu\/fr\/training-system\/summary-report\/\",\"name\":\"Rapport de synth\u00e8se - Revab\",\"isPartOf\":{\"@id\":\"https:\/\/revab-erasmus.eu\/#website\"},\"datePublished\":\"2018-01-09T06:11:29+00:00\",\"dateModified\":\"2018-06-07T10:39:28+00:00\",\"breadcrumb\":{\"@id\":\"https:\/\/revab-erasmus.eu\/fr\/training-system\/summary-report\/#breadcrumb\"},\"inLanguage\":\"fr-FR\",\"potentialAction\":[{\"@type\":\"ReadAction\",\"target\":[\"https:\/\/revab-erasmus.eu\/fr\/training-system\/summary-report\/\"]}]},{\"@type\":\"BreadcrumbList\",\"@id\":\"https:\/\/revab-erasmus.eu\/fr\/training-system\/summary-report\/#breadcrumb\",\"itemListElement\":[{\"@type\":\"ListItem\",\"position\":1,\"name\":\"Home\",\"item\":\"https:\/\/revab-erasmus.eu\/fr\/\"},{\"@type\":\"ListItem\",\"position\":2,\"name\":\"Syst\u00e8me de formation\",\"item\":\"https:\/\/revab-erasmus.eu\/fr\/training-system\/\"},{\"@type\":\"ListItem\",\"position\":3,\"name\":\"Rapport de synth\u00e8se\"}]},{\"@type\":\"WebSite\",\"@id\":\"https:\/\/revab-erasmus.eu\/#website\",\"url\":\"https:\/\/revab-erasmus.eu\/\",\"name\":\"Revab\",\"description\":\"REuse and Valorisation of Agricultural Buildings through training based on real experiences\",\"potentialAction\":[{\"@type\":\"SearchAction\",\"target\":{\"@type\":\"EntryPoint\",\"urlTemplate\":\"https:\/\/revab-erasmus.eu\/?s={search_term_string}\"},\"query-input\":\"required name=search_term_string\"}],\"inLanguage\":\"fr-FR\"}]}<\/script>\n<!-- \/ Yoast SEO plugin. -->","yoast_head_json":{"title":"Rapport de synth\u00e8se - Revab","robots":{"index":"index","follow":"follow","max-snippet":"max-snippet:-1","max-image-preview":"max-image-preview:large","max-video-preview":"max-video-preview:-1"},"canonical":"https:\/\/revab-erasmus.eu\/fr\/training-system\/summary-report\/","og_locale":"fr_FR","og_type":"article","og_title":"Rapport de synth\u00e8se - Revab","og_description":"R\u00e9sum\u00e9-Rapport National comme base pour le syst\u00e8me de formation L\u2019objectif de ce projet concernant les besoins actuels et futurs des agriculteurs au sujet de la r\u00e9utilisation et de la valorisation des b\u00e2timents agricoles existants : \u2022 Garder la soci\u00e9t\u00e9 rurale vivante, maintenir et am\u00e9liorer les revenus, non seulement pour les agriculteurs, mais aussi pour la","og_url":"https:\/\/revab-erasmus.eu\/fr\/training-system\/summary-report\/","og_site_name":"Revab","article_modified_time":"2018-06-07T10:39:28+00:00","twitter_card":"summary_large_image","twitter_misc":{"Dur\u00e9e de lecture estim\u00e9e":"1 minute"},"schema":{"@context":"https:\/\/schema.org","@graph":[{"@type":"WebPage","@id":"https:\/\/revab-erasmus.eu\/fr\/training-system\/summary-report\/","url":"https:\/\/revab-erasmus.eu\/fr\/training-system\/summary-report\/","name":"Rapport de synth\u00e8se - Revab","isPartOf":{"@id":"https:\/\/revab-erasmus.eu\/#website"},"datePublished":"2018-01-09T06:11:29+00:00","dateModified":"2018-06-07T10:39:28+00:00","breadcrumb":{"@id":"https:\/\/revab-erasmus.eu\/fr\/training-system\/summary-report\/#breadcrumb"},"inLanguage":"fr-FR","potentialAction":[{"@type":"ReadAction","target":["https:\/\/revab-erasmus.eu\/fr\/training-system\/summary-report\/"]}]},{"@type":"BreadcrumbList","@id":"https:\/\/revab-erasmus.eu\/fr\/training-system\/summary-report\/#breadcrumb","itemListElement":[{"@type":"ListItem","position":1,"name":"Home","item":"https:\/\/revab-erasmus.eu\/fr\/"},{"@type":"ListItem","position":2,"name":"Syst\u00e8me de formation","item":"https:\/\/revab-erasmus.eu\/fr\/training-system\/"},{"@type":"ListItem","position":3,"name":"Rapport de synth\u00e8se"}]},{"@type":"WebSite","@id":"https:\/\/revab-erasmus.eu\/#website","url":"https:\/\/revab-erasmus.eu\/","name":"Revab","description":"REuse and Valorisation of Agricultural Buildings through training based on real experiences","potentialAction":[{"@type":"SearchAction","target":{"@type":"EntryPoint","urlTemplate":"https:\/\/revab-erasmus.eu\/?s={search_term_string}"},"query-input":"required name=search_term_string"}],"inLanguage":"fr-FR"}]}},"_links":{"self":[{"href":"https:\/\/revab-erasmus.eu\/fr\/wp-json\/wp\/v2\/pages\/14388"}],"collection":[{"href":"https:\/\/revab-erasmus.eu\/fr\/wp-json\/wp\/v2\/pages"}],"about":[{"href":"https:\/\/revab-erasmus.eu\/fr\/wp-json\/wp\/v2\/types\/page"}],"author":[{"embeddable":true,"href":"https:\/\/revab-erasmus.eu\/fr\/wp-json\/wp\/v2\/users\/3"}],"replies":[{"embeddable":true,"href":"https:\/\/revab-erasmus.eu\/fr\/wp-json\/wp\/v2\/comments?post=14388"}],"version-history":[{"count":4,"href":"https:\/\/revab-erasmus.eu\/fr\/wp-json\/wp\/v2\/pages\/14388\/revisions"}],"predecessor-version":[{"id":15661,"href":"https:\/\/revab-erasmus.eu\/fr\/wp-json\/wp\/v2\/pages\/14388\/revisions\/15661"}],"up":[{"embeddable":true,"href":"https:\/\/revab-erasmus.eu\/fr\/wp-json\/wp\/v2\/pages\/14392"}],"wp:attachment":[{"href":"https:\/\/revab-erasmus.eu\/fr\/wp-json\/wp\/v2\/media?parent=14388"}],"curies":[{"name":"wp","href":"https:\/\/api.w.org\/{rel}","templated":true}]}}