{"id":10551,"date":"2016-03-18T08:32:05","date_gmt":"2016-03-18T14:32:05","guid":{"rendered":"http:\/\/www.revab-erasmus.eu\/home\/"},"modified":"2018-03-17T17:31:16","modified_gmt":"2018-03-17T17:31:16","slug":"home","status":"publish","type":"page","link":"https:\/\/revab-erasmus.eu\/it\/","title":{"rendered":"Revab"},"content":{"rendered":"<p style=\"text-align: left;\"><strong>REVAB: REuse and Valorisation of Agricultural Buildings through training based on real experiences<\/strong><\/p>\n<p style=\"text-align: left;\"><span style=\"font-weight: 400;\">Negli ultimi anni le aree rurali hanno affrontato sfide difficili: il tasso di disoccupazione nella maggior parte delle aree rurali della \u00a0UE \u00e8 pari all\u201911%, a fronte dell\u20198% complessivo dei paesi UE, e si \u00e8 assistito ad un enorme consumo di suolo agricolo per insediamenti , strade, industrie. Ci\u00f2 ha determinato l\u2019abbandono dei centri rurali, nei quali molti edifici agricoli non vengono riutilizzati. Le potenzialit\u00e0 di riutilizzo di detti immobili sono enormi, tuttavia mancano le opportunit\u00e0 di trasferire concrete esperienze in questo campo tra agricoltori. L\u2019accesso alla formazione rappresenta un fattore chiave, che necessit\u00e0 di essere sviluppato.<\/span><\/p>\n<p style=\"text-align: left;\"><span style=\"font-weight: 400;\">Gli obiettivi del progetto REVAB sono:<\/span><\/p>\n<p style=\"text-align: left;\"><span style=\"font-weight: 400;\">&#8211; Favorire un approccio imprenditoriale all\u2019utilizzo dei fabbricati agricoli nelle diverse regioni Europee.<\/span><\/p>\n<p style=\"text-align: left;\"><span style=\"font-weight: 400;\">&#8211;<\/span><span style=\"font-weight: 400;\">Stimolare gli imprenditori rurali, i proprietari di aree ed immobili rurali, i giovani agricoltori, a riflettere sulle possibilit\u00e0 di utilizzo, riutilizzo di immobili e fattorie agricoli, in un contesto di valorizzazione economica, sociale ed ambientale.<\/span><\/p>\n<p style=\"text-align: left;\"><b><span style=\"font-weight: 400;\">&#8211; Evitare ulteriore consumo di suolo agricolo per insediamenti ed impianti industriali.<\/span><\/b><\/p>\n<p style=\"text-align: left;\"><span style=\"font-weight: 400;\">Il progetto REVAB produrr\u00e0 il primo sistema formative \u201copen-source\u201d completo, flessibile e comprensibile in tema di riutilizzo e valorizzazione degli edifici agricoli.<\/span><\/p>\n<p style=\"text-align: left;\"><span style=\"font-weight: 400;\">Tra i principali strumenti del sistema formativo, verranno previsti dei \u201ccasi di studio\u201d attraverso i quali gli allievi potranno apprendere da concrete esperienze di successo e, per la prima volta, attivare uno scambio tra imprenditori a livello regionale,m nazionale ed europeo. Il sistema formativo REVAB comprender\u00e0 i diversi aspetti della sostenibilit\u00e0 (sociale, ambientale e culturale) oltre agli aspetti prettamente economici, e potr\u00e0 essere accessibile tramite l\u2019utilizzo delle TIC e dell\u2019e.learning.<\/span><\/p>\n","protected":false},"excerpt":{"rendered":"<p>REVAB: REuse and Valorisation of Agricultural Buildings through training based on real experiences Negli ultimi anni le aree rurali hanno affrontato sfide difficili: il tasso di disoccupazione nella maggior parte delle aree rurali della \u00a0UE \u00e8 pari all\u201911%, a fronte dell\u20198% complessivo dei paesi UE, e si \u00e8 assistito ad un enorme consumo di suolo<\/p>\n","protected":false},"author":2,"featured_media":0,"parent":0,"menu_order":0,"comment_status":"closed","ping_status":"closed","template":"","meta":[],"yoast_head":"<!-- This site is optimized with the Yoast SEO plugin v20.3 - https:\/\/yoast.com\/wordpress\/plugins\/seo\/ -->\n<title>Revab - Revab<\/title>\n<meta name=\"robots\" content=\"index, follow, max-snippet:-1, max-image-preview:large, max-video-preview:-1\" \/>\n<link rel=\"canonical\" href=\"https:\/\/revab-erasmus.eu\/it\/\" \/>\n<meta property=\"og:locale\" content=\"it_IT\" \/>\n<meta property=\"og:type\" content=\"article\" \/>\n<meta property=\"og:title\" content=\"Revab - Revab\" \/>\n<meta property=\"og:description\" content=\"REVAB: REuse and Valorisation of Agricultural Buildings through training based on real experiences Negli ultimi anni le aree rurali hanno affrontato sfide difficili: il tasso di disoccupazione nella maggior parte delle aree rurali della \u00a0UE \u00e8 pari all\u201911%, a fronte dell\u20198% complessivo dei paesi UE, e si \u00e8 assistito ad un enorme consumo di suolo\" \/>\n<meta property=\"og:url\" content=\"https:\/\/revab-erasmus.eu\/it\/\" \/>\n<meta property=\"og:site_name\" content=\"Revab\" \/>\n<meta property=\"article:modified_time\" content=\"2018-03-17T17:31:16+00:00\" \/>\n<meta name=\"twitter:card\" content=\"summary_large_image\" \/>\n<meta name=\"twitter:label1\" content=\"Tempo di lettura stimato\" \/>\n\t<meta name=\"twitter:data1\" content=\"1 minuto\" \/>\n<script type=\"application\/ld+json\" class=\"yoast-schema-graph\">{\"@context\":\"https:\/\/schema.org\",\"@graph\":[{\"@type\":\"WebPage\",\"@id\":\"https:\/\/revab-erasmus.eu\/it\/\",\"url\":\"https:\/\/revab-erasmus.eu\/it\/\",\"name\":\"Revab - Revab\",\"isPartOf\":{\"@id\":\"https:\/\/revab-erasmus.eu\/#website\"},\"datePublished\":\"2016-03-18T14:32:05+00:00\",\"dateModified\":\"2018-03-17T17:31:16+00:00\",\"breadcrumb\":{\"@id\":\"https:\/\/revab-erasmus.eu\/it\/#breadcrumb\"},\"inLanguage\":\"it-IT\",\"potentialAction\":[{\"@type\":\"ReadAction\",\"target\":[\"https:\/\/revab-erasmus.eu\/it\/\"]}]},{\"@type\":\"BreadcrumbList\",\"@id\":\"https:\/\/revab-erasmus.eu\/it\/#breadcrumb\",\"itemListElement\":[{\"@type\":\"ListItem\",\"position\":1,\"name\":\"Home\",\"item\":\"https:\/\/revab-erasmus.eu\/it\/\"},{\"@type\":\"ListItem\",\"position\":2,\"name\":\"Revab\"}]},{\"@type\":\"WebSite\",\"@id\":\"https:\/\/revab-erasmus.eu\/#website\",\"url\":\"https:\/\/revab-erasmus.eu\/\",\"name\":\"Revab\",\"description\":\"REuse and Valorisation of Agricultural Buildings through training based on real experiences\",\"potentialAction\":[{\"@type\":\"SearchAction\",\"target\":{\"@type\":\"EntryPoint\",\"urlTemplate\":\"https:\/\/revab-erasmus.eu\/?s={search_term_string}\"},\"query-input\":\"required name=search_term_string\"}],\"inLanguage\":\"it-IT\"}]}<\/script>\n<!-- \/ Yoast SEO plugin. -->","yoast_head_json":{"title":"Revab - Revab","robots":{"index":"index","follow":"follow","max-snippet":"max-snippet:-1","max-image-preview":"max-image-preview:large","max-video-preview":"max-video-preview:-1"},"canonical":"https:\/\/revab-erasmus.eu\/it\/","og_locale":"it_IT","og_type":"article","og_title":"Revab - Revab","og_description":"REVAB: REuse and Valorisation of Agricultural Buildings through training based on real experiences Negli ultimi anni le aree rurali hanno affrontato sfide difficili: il tasso di disoccupazione nella maggior parte delle aree rurali della \u00a0UE \u00e8 pari all\u201911%, a fronte dell\u20198% complessivo dei paesi UE, e si \u00e8 assistito ad un enorme consumo di suolo","og_url":"https:\/\/revab-erasmus.eu\/it\/","og_site_name":"Revab","article_modified_time":"2018-03-17T17:31:16+00:00","twitter_card":"summary_large_image","twitter_misc":{"Tempo di lettura stimato":"1 minuto"},"schema":{"@context":"https:\/\/schema.org","@graph":[{"@type":"WebPage","@id":"https:\/\/revab-erasmus.eu\/it\/","url":"https:\/\/revab-erasmus.eu\/it\/","name":"Revab - Revab","isPartOf":{"@id":"https:\/\/revab-erasmus.eu\/#website"},"datePublished":"2016-03-18T14:32:05+00:00","dateModified":"2018-03-17T17:31:16+00:00","breadcrumb":{"@id":"https:\/\/revab-erasmus.eu\/it\/#breadcrumb"},"inLanguage":"it-IT","potentialAction":[{"@type":"ReadAction","target":["https:\/\/revab-erasmus.eu\/it\/"]}]},{"@type":"BreadcrumbList","@id":"https:\/\/revab-erasmus.eu\/it\/#breadcrumb","itemListElement":[{"@type":"ListItem","position":1,"name":"Home","item":"https:\/\/revab-erasmus.eu\/it\/"},{"@type":"ListItem","position":2,"name":"Revab"}]},{"@type":"WebSite","@id":"https:\/\/revab-erasmus.eu\/#website","url":"https:\/\/revab-erasmus.eu\/","name":"Revab","description":"REuse and Valorisation of Agricultural Buildings through training based on real experiences","potentialAction":[{"@type":"SearchAction","target":{"@type":"EntryPoint","urlTemplate":"https:\/\/revab-erasmus.eu\/?s={search_term_string}"},"query-input":"required name=search_term_string"}],"inLanguage":"it-IT"}]}},"_links":{"self":[{"href":"https:\/\/revab-erasmus.eu\/it\/wp-json\/wp\/v2\/pages\/10551"}],"collection":[{"href":"https:\/\/revab-erasmus.eu\/it\/wp-json\/wp\/v2\/pages"}],"about":[{"href":"https:\/\/revab-erasmus.eu\/it\/wp-json\/wp\/v2\/types\/page"}],"author":[{"embeddable":true,"href":"https:\/\/revab-erasmus.eu\/it\/wp-json\/wp\/v2\/users\/2"}],"replies":[{"embeddable":true,"href":"https:\/\/revab-erasmus.eu\/it\/wp-json\/wp\/v2\/comments?post=10551"}],"version-history":[{"count":5,"href":"https:\/\/revab-erasmus.eu\/it\/wp-json\/wp\/v2\/pages\/10551\/revisions"}],"predecessor-version":[{"id":13627,"href":"https:\/\/revab-erasmus.eu\/it\/wp-json\/wp\/v2\/pages\/10551\/revisions\/13627"}],"wp:attachment":[{"href":"https:\/\/revab-erasmus.eu\/it\/wp-json\/wp\/v2\/media?parent=10551"}],"curies":[{"name":"wp","href":"https:\/\/api.w.org\/{rel}","templated":true}]}}