{"id":10563,"date":"2016-03-18T08:23:18","date_gmt":"2016-03-18T14:23:18","guid":{"rendered":"http:\/\/www.revab-erasmus.eu\/partners\/"},"modified":"2018-03-17T17:23:32","modified_gmt":"2018-03-17T17:23:32","slug":"partners","status":"publish","type":"page","link":"https:\/\/revab-erasmus.eu\/it\/partners\/","title":{"rendered":"Partner"},"content":{"rendered":"<p>ELO, Hof und Leben GmbH, On Projects Advising SL, Asaja \u2013 Granada, CIA Toscana and AGRITOUR Ltd., hanno sottoscritto un accordo di collaborazione nell\u2019ambito del programma di sostegno Erasmus+\/KA2\/ Partnerships strategiche per la Vocational-Educational-Training (VET), per la realizzazione del progetto, con avvio a partire dal 2 Novembre 2015 e per la durata di 30 mesi.<\/p>\n<p>A partire dal Febbraio 2016 <b><i>Zwi\u0105zek Pracodawc\u00f3w-Dzier\u017cawc\u00f3w i W\u0142a\u015bcicieli Rolnych<\/i><\/b><i> (ZPDIWR)<\/i> con sede in Bydgoszcz (Polonia), supporta il soggetto coordinatore ELO, per le attivit\u00e0 connesse con le esperienze polacche e per la disseminazione dei risultati dei corsi di formazione.<\/p>\n<p>&nbsp;<\/p>\n<p><img decoding=\"async\" loading=\"lazy\" class=\"aligncenter wp-image-12228\" src=\"http:\/\/revaberasmus.eu\/wp-content\/uploads\/2018\/02\/ELO-1.png\" alt=\"\" width=\"512\" height=\"114\" srcset=\"https:\/\/revaberasmus.eu\/wp-content\/uploads\/2018\/02\/ELO-1.png 1612w, https:\/\/revaberasmus.eu\/wp-content\/uploads\/2018\/02\/ELO-1-300x67.png 300w, https:\/\/revaberasmus.eu\/wp-content\/uploads\/2018\/02\/ELO-1-768x171.png 768w, https:\/\/revaberasmus.eu\/wp-content\/uploads\/2018\/02\/ELO-1-1024x228.png 1024w, https:\/\/revaberasmus.eu\/wp-content\/uploads\/2018\/02\/ELO-1-280x62.png 280w, https:\/\/revaberasmus.eu\/wp-content\/uploads\/2018\/02\/ELO-1-1170x261.png 1170w\" sizes=\"(max-width: 512px) 100vw, 512px\" \/><\/p>\n<p>&nbsp;<\/p>\n<p><strong>La European Landowners Organization \u2013 ELO<\/strong> asbl, nata nel 1972, \u00e8 una federazione che unisce le associazioni dei 28 paesi UE, che rappresentano a livello politico gli interessi dei proprietari di terreni, degli imprenditori forestali ed agricoli , delle imprese delle aree rurali in Europa. Le finalit\u00e0 statutarie di ELO sono la difesa e la promozione dello sviluppo sostenibile, la conservazione e protezione dell\u2019ambiente, le energie rinnovabili, l\u2019uso responsabile delle risorse naturali. A partire da tali obiettivi, \u00a0ELO ha sviluppato una strategia di comunicazione che comprende l\u2019elaborazione ed il coordinamento di programmi di azione, partecipazione ad eventi EU ed internazionali, gestione di \u201cthink-tank\u201d, pubblicazione di documenti strategici, ecc..<\/p>\n<p>Il punto di forza dell\u2019organizzazione \u00e8 la capacit\u00e0 di mettere insieme gli attori delle aree rurali, gli imprenditori agricoli e forestali, il mondo della ricerca ed i decisori politici a livello locale, regionale, nazionale ed europeo. Il proprio network, costituito da 64 organizzazioni europee, rappresenta molti milioni di imprenditori ed \u00e8 in grado di promuovere la condivisione delle voci e delle posizioni di un enorme quantit\u00e0 di stakeholder dei paesi UE e candidati, insieme alla capacit\u00e0 di studiare gli effetti dell\u2019applicazione della Legislazione europea. ELO ha un\u2019esperienza ai massimi livelli nell\u2019implementazione del network NATURA 2000, sui temi come la PAC, il suolo l\u2019acqua, le problematiche forestali e la gestione delle aree rurali. ELO ha svolto azioni di consulenza per i propri membri ed alle imprese in materia di siti NATURA 2000, acquisendo notevole esperienza in tale settore. ELO \u00e8 regolarmente invitata ai dibattiti ed ai gruppi di lavoro a livello nazionale ed europeo sui temi richiamati. ELO \u00e8 stata per 9 anni tra gli organizzatori del Forum sul futuro dell\u2019agricoltura <a href=\"http:\/\/www.forumforagriculture.com\/\">www.forumforagriculture.com<\/a><b> , <\/b>unico evento di discussione avanzata su alimentazione, sicurezza ambientale ed alimentare, partecipato da oltre 1500 persone e dalla stampa internazionale. ELO sta sviluppando un programma sulla gestione della fauna selvatica ed un \u201cnetwork europeo dell\u2019impollinazione\u201d in collaborazione con accademici, ministri e soggetti interessati.<\/p>\n<p>URL Participante: <a href=\"http:\/\/www.elo.org\/\">www.elo.org<\/a><\/p>\n<div><b>ELO\u00a0<\/b><\/div>\n<div>Marie Alice Budniok <a href=\"mailto:legal@elo.org\" target=\"_blank\" rel=\"noopener\">legal@elo.org<\/a><\/div>\n<div>Emmannuelle Mikosz <a href=\"mailto:emmanuelle.mikosz@elo.org\" target=\"_blank\" rel=\"noopener\">emmanuelle.mikosz@elo.org<\/a><\/div>\n<div>Servane Morand <a href=\"mailto:servane.morand@elo.org\">servane.morand@elo.org<\/a><\/div>\n<div><a href=\"http:\/\/www.elo.org\/\" target=\"_blank\" rel=\"noopener\" data-saferedirecturl=\"https:\/\/www.google.com\/url?hl=fr&amp;q=http:\/\/www.elo.org&amp;source=gmail&amp;ust=1466794720732000&amp;usg=AFQjCNFBQj1v5HwTxmeGXfJfqOUuurAmXQ\">www.elo.org<\/a><\/div>\n<div><\/div>\n","protected":false},"excerpt":{"rendered":"<p>ELO, Hof und Leben GmbH, On Projects Advising SL, Asaja \u2013 Granada, CIA Toscana and AGRITOUR Ltd., hanno sottoscritto un accordo di collaborazione nell\u2019ambito del programma di sostegno Erasmus+\/KA2\/ Partnerships strategiche per la Vocational-Educational-Training (VET), per la realizzazione del progetto, con avvio a partire dal 2 Novembre 2015 e per la durata di 30 mesi.<\/p>\n","protected":false},"author":2,"featured_media":0,"parent":0,"menu_order":0,"comment_status":"closed","ping_status":"closed","template":"","meta":[],"yoast_head":"<!-- This site is optimized with the Yoast SEO plugin v20.3 - https:\/\/yoast.com\/wordpress\/plugins\/seo\/ -->\n<title>Partner - Revab<\/title>\n<meta name=\"robots\" content=\"index, follow, max-snippet:-1, max-image-preview:large, max-video-preview:-1\" \/>\n<link rel=\"canonical\" href=\"https:\/\/revab-erasmus.eu\/it\/partners\/\" \/>\n<meta property=\"og:locale\" content=\"it_IT\" \/>\n<meta property=\"og:type\" content=\"article\" \/>\n<meta property=\"og:title\" content=\"Partner - Revab\" \/>\n<meta property=\"og:description\" content=\"ELO, Hof und Leben GmbH, On Projects Advising SL, Asaja \u2013 Granada, CIA Toscana and AGRITOUR Ltd., hanno sottoscritto un accordo di collaborazione nell\u2019ambito del programma di sostegno Erasmus+\/KA2\/ Partnerships strategiche per la Vocational-Educational-Training (VET), per la realizzazione del progetto, con avvio a partire dal 2 Novembre 2015 e per la durata di 30 mesi.\" \/>\n<meta property=\"og:url\" content=\"https:\/\/revab-erasmus.eu\/it\/partners\/\" \/>\n<meta property=\"og:site_name\" content=\"Revab\" \/>\n<meta property=\"article:modified_time\" content=\"2018-03-17T17:23:32+00:00\" \/>\n<meta property=\"og:image\" content=\"http:\/\/revaberasmus.eu\/wp-content\/uploads\/2018\/02\/ELO-1.png\" \/>\n<meta name=\"twitter:card\" content=\"summary_large_image\" \/>\n<meta name=\"twitter:label1\" content=\"Tempo di lettura stimato\" \/>\n\t<meta name=\"twitter:data1\" content=\"2 minuti\" \/>\n<script type=\"application\/ld+json\" class=\"yoast-schema-graph\">{\"@context\":\"https:\/\/schema.org\",\"@graph\":[{\"@type\":\"WebPage\",\"@id\":\"https:\/\/revab-erasmus.eu\/it\/partners\/\",\"url\":\"https:\/\/revab-erasmus.eu\/it\/partners\/\",\"name\":\"Partner - Revab\",\"isPartOf\":{\"@id\":\"https:\/\/revab-erasmus.eu\/#website\"},\"datePublished\":\"2016-03-18T14:23:18+00:00\",\"dateModified\":\"2018-03-17T17:23:32+00:00\",\"breadcrumb\":{\"@id\":\"https:\/\/revab-erasmus.eu\/it\/partners\/#breadcrumb\"},\"inLanguage\":\"it-IT\",\"potentialAction\":[{\"@type\":\"ReadAction\",\"target\":[\"https:\/\/revab-erasmus.eu\/it\/partners\/\"]}]},{\"@type\":\"BreadcrumbList\",\"@id\":\"https:\/\/revab-erasmus.eu\/it\/partners\/#breadcrumb\",\"itemListElement\":[{\"@type\":\"ListItem\",\"position\":1,\"name\":\"Home\",\"item\":\"https:\/\/revab-erasmus.eu\/it\/\"},{\"@type\":\"ListItem\",\"position\":2,\"name\":\"Partner\"}]},{\"@type\":\"WebSite\",\"@id\":\"https:\/\/revab-erasmus.eu\/#website\",\"url\":\"https:\/\/revab-erasmus.eu\/\",\"name\":\"Revab\",\"description\":\"REuse and Valorisation of Agricultural Buildings through training based on real experiences\",\"potentialAction\":[{\"@type\":\"SearchAction\",\"target\":{\"@type\":\"EntryPoint\",\"urlTemplate\":\"https:\/\/revab-erasmus.eu\/?s={search_term_string}\"},\"query-input\":\"required name=search_term_string\"}],\"inLanguage\":\"it-IT\"}]}<\/script>\n<!-- \/ Yoast SEO plugin. -->","yoast_head_json":{"title":"Partner - Revab","robots":{"index":"index","follow":"follow","max-snippet":"max-snippet:-1","max-image-preview":"max-image-preview:large","max-video-preview":"max-video-preview:-1"},"canonical":"https:\/\/revab-erasmus.eu\/it\/partners\/","og_locale":"it_IT","og_type":"article","og_title":"Partner - Revab","og_description":"ELO, Hof und Leben GmbH, On Projects Advising SL, Asaja \u2013 Granada, CIA Toscana and AGRITOUR Ltd., hanno sottoscritto un accordo di collaborazione nell\u2019ambito del programma di sostegno Erasmus+\/KA2\/ Partnerships strategiche per la Vocational-Educational-Training (VET), per la realizzazione del progetto, con avvio a partire dal 2 Novembre 2015 e per la durata di 30 mesi.","og_url":"https:\/\/revab-erasmus.eu\/it\/partners\/","og_site_name":"Revab","article_modified_time":"2018-03-17T17:23:32+00:00","og_image":[{"url":"http:\/\/revaberasmus.eu\/wp-content\/uploads\/2018\/02\/ELO-1.png"}],"twitter_card":"summary_large_image","twitter_misc":{"Tempo di lettura stimato":"2 minuti"},"schema":{"@context":"https:\/\/schema.org","@graph":[{"@type":"WebPage","@id":"https:\/\/revab-erasmus.eu\/it\/partners\/","url":"https:\/\/revab-erasmus.eu\/it\/partners\/","name":"Partner - Revab","isPartOf":{"@id":"https:\/\/revab-erasmus.eu\/#website"},"datePublished":"2016-03-18T14:23:18+00:00","dateModified":"2018-03-17T17:23:32+00:00","breadcrumb":{"@id":"https:\/\/revab-erasmus.eu\/it\/partners\/#breadcrumb"},"inLanguage":"it-IT","potentialAction":[{"@type":"ReadAction","target":["https:\/\/revab-erasmus.eu\/it\/partners\/"]}]},{"@type":"BreadcrumbList","@id":"https:\/\/revab-erasmus.eu\/it\/partners\/#breadcrumb","itemListElement":[{"@type":"ListItem","position":1,"name":"Home","item":"https:\/\/revab-erasmus.eu\/it\/"},{"@type":"ListItem","position":2,"name":"Partner"}]},{"@type":"WebSite","@id":"https:\/\/revab-erasmus.eu\/#website","url":"https:\/\/revab-erasmus.eu\/","name":"Revab","description":"REuse and Valorisation of Agricultural Buildings through training based on real experiences","potentialAction":[{"@type":"SearchAction","target":{"@type":"EntryPoint","urlTemplate":"https:\/\/revab-erasmus.eu\/?s={search_term_string}"},"query-input":"required name=search_term_string"}],"inLanguage":"it-IT"}]}},"_links":{"self":[{"href":"https:\/\/revab-erasmus.eu\/it\/wp-json\/wp\/v2\/pages\/10563"}],"collection":[{"href":"https:\/\/revab-erasmus.eu\/it\/wp-json\/wp\/v2\/pages"}],"about":[{"href":"https:\/\/revab-erasmus.eu\/it\/wp-json\/wp\/v2\/types\/page"}],"author":[{"embeddable":true,"href":"https:\/\/revab-erasmus.eu\/it\/wp-json\/wp\/v2\/users\/2"}],"replies":[{"embeddable":true,"href":"https:\/\/revab-erasmus.eu\/it\/wp-json\/wp\/v2\/comments?post=10563"}],"version-history":[{"count":6,"href":"https:\/\/revab-erasmus.eu\/it\/wp-json\/wp\/v2\/pages\/10563\/revisions"}],"predecessor-version":[{"id":13546,"href":"https:\/\/revab-erasmus.eu\/it\/wp-json\/wp\/v2\/pages\/10563\/revisions\/13546"}],"wp:attachment":[{"href":"https:\/\/revab-erasmus.eu\/it\/wp-json\/wp\/v2\/media?parent=10563"}],"curies":[{"name":"wp","href":"https:\/\/api.w.org\/{rel}","templated":true}]}}