{"id":10552,"date":"2016-03-18T08:32:05","date_gmt":"2016-03-18T14:32:05","guid":{"rendered":"http:\/\/www.revab-erasmus.eu\/home\/"},"modified":"2018-04-17T09:40:26","modified_gmt":"2018-04-17T08:40:26","slug":"home","status":"publish","type":"page","link":"https:\/\/revab-erasmus.eu\/pl\/","title":{"rendered":"REVAB"},"content":{"rendered":"<p style=\"text-align: left;\" align=\"center\"><strong>REVAB: REuse and Valorisation of Agricultural Buildings through training based on real experiences<\/strong><\/p>\n<p style=\"text-align: left;\" align=\"center\">W ostatnich latach obszary wiejskie konfrontowane s\u0105 z wieloma wyzwaniami: \u015brednia bezrobocia w regionach o obszarach g\u0142\u00f3wnie wiejskich w UE wynosi 11% w por\u00f3wnaniu ze \u015bredni\u0105 8.5% w UE, jak r\u00f3wnie\u017c olbrzymiej konsumpcji ziemi rolnej na cele mieszkalne, potrzeby komunikacyjne czy przemys\u0142owe. To doprowadzilo do utraty g\u0142\u00f3wnych o\u015brodk\u00f3w \u017cycia wiejskiego zwi\u0105zanego r\u00f3wnie\u017c z brakiem ponownego wykorzystania istniej\u0105cych ju\u017c budynk\u00f3w rolnych. Potencja\u0142 ten jest olbrzymi, brak jest jednak mo\u017cliwosci wymiany do\u015bwiadcze\u0144 pomi\u0119dzy przedsi\u0119biorc\u0105 a przedsiebiorc\u0105. Dost\u0119p do szkolenia jako zasadniczego czynnika r\u00f3wnie\u017c powinien by\u0107 ulepszony.<\/p>\n<p style=\"text-align: left;\" align=\"center\">Celami projektu REVAB s\u0105:<\/p>\n<p style=\"text-align: left;\" align=\"center\">&#8211; wzmocnienie przedsi\u0119biorczego podej\u015bcia w u\u017cytkowaniu istniej\u0105cych ju\u017c budynk\u00f3w rolnych w r\u00f3\u017cnych regionach Europy (W\u0142ochy, Hiszpania, Bu\u0142garia, Niemcy, Polska)<\/p>\n<p style=\"text-align: left;\" align=\"center\">&#8211; zmobilizowanie przedsi\u0119biorc\u00f3w z obszar\u00f3w wiejskich, w\u0142a\u015bcicieli rolnych i w\u0142a\u015bcicieli nieruchomo\u015bci oraz m\u0142odych rolnik\u00f3w do przemy\u015blenia jak (wy-)korzysta\u0107 i waloryzowa\u0107 istniej\u0105ce budynki i gospodarstwa rolne przestrzegaj\u0105c przy tym uwarunkowania ekonomicze, przyrodnicze oraz spo\u0142eczne<\/p>\n<p style=\"text-align: left;\" align=\"center\">&#8211; unikni\u0119cie dalszej konsumpcji teren\u00f3w rolniczych na cele mieszkalne i nieruchomo\u015bci przemys\u0142owe<\/p>\n<p style=\"text-align: left;\" align=\"center\">Na zako\u0144czenie, projekt REVAB ma na celu stworzenie pierwszego, w pe\u0142ni elastycznego i otwartego systemu szkoleniowego dotycz\u0105cego ponownego wykorzystania i waloryzacji budynk\u00f3w rolniczych. Jako \u017ce jednym z g\u0142\u00f3wnych narz\u0119dzi szkolenia b\u0119d\u0105 studia przypadk\u00f3w, uczestnicy kursu b\u0119d\u0105 mieli mo\u017cliwo\u015b\u0107 uczenia si\u0119 na podstawie pozytywnych do\u015bwiadcze\u0144 z terenu, oraz po raz pierwszy, mo\u017cliwa b\u0119dzie wymiana do\u015bwiadcze\u0144 pomi\u0119dzy przedsi\u0119biorcami na poziomie regionalnym, krajowym oraz europejskim. \u00a0System szkolenia REVAB b\u0119dzie r\u00f3wnie\u017c zawiera\u0142 obok czysto ekonomicznych wszystkie aspekty zr\u00f3wnowa\u017conego rozwoju (spo\u0142eczne, przyrodnicze oraz kulturalne) oraz zostanie zrealizowany poprzez u\u017cycie metody ICT oraz e-learningowej.<\/p>\n","protected":false},"excerpt":{"rendered":"<p>REVAB: REuse and Valorisation of Agricultural Buildings through training based on real experiences W ostatnich latach obszary wiejskie konfrontowane s\u0105 z wieloma wyzwaniami: \u015brednia bezrobocia w regionach o obszarach g\u0142\u00f3wnie wiejskich w UE wynosi 11% w por\u00f3wnaniu ze \u015bredni\u0105 8.5% w UE, jak r\u00f3wnie\u017c olbrzymiej konsumpcji ziemi rolnej na cele mieszkalne, potrzeby komunikacyjne czy przemys\u0142owe.<\/p>\n","protected":false},"author":2,"featured_media":0,"parent":0,"menu_order":0,"comment_status":"closed","ping_status":"closed","template":"","meta":[],"yoast_head":"<!-- This site is optimized with the Yoast SEO plugin v20.3 - https:\/\/yoast.com\/wordpress\/plugins\/seo\/ -->\n<title>REVAB - Revab<\/title>\n<meta name=\"robots\" content=\"index, follow, max-snippet:-1, max-image-preview:large, max-video-preview:-1\" \/>\n<link rel=\"canonical\" href=\"https:\/\/revab-erasmus.eu\/pl\/\" \/>\n<meta property=\"og:locale\" content=\"pl_PL\" \/>\n<meta property=\"og:type\" content=\"article\" \/>\n<meta property=\"og:title\" content=\"REVAB - Revab\" \/>\n<meta property=\"og:description\" content=\"REVAB: REuse and Valorisation of Agricultural Buildings through training based on real experiences W ostatnich latach obszary wiejskie konfrontowane s\u0105 z wieloma wyzwaniami: \u015brednia bezrobocia w regionach o obszarach g\u0142\u00f3wnie wiejskich w UE wynosi 11% w por\u00f3wnaniu ze \u015bredni\u0105 8.5% w UE, jak r\u00f3wnie\u017c olbrzymiej konsumpcji ziemi rolnej na cele mieszkalne, potrzeby komunikacyjne czy przemys\u0142owe.\" \/>\n<meta property=\"og:url\" content=\"https:\/\/revab-erasmus.eu\/pl\/\" \/>\n<meta property=\"og:site_name\" content=\"Revab\" \/>\n<meta property=\"article:modified_time\" content=\"2018-04-17T08:40:26+00:00\" \/>\n<meta name=\"twitter:card\" content=\"summary_large_image\" \/>\n<meta name=\"twitter:label1\" content=\"Szacowany czas czytania\" \/>\n\t<meta name=\"twitter:data1\" content=\"2 minuty\" \/>\n<script type=\"application\/ld+json\" class=\"yoast-schema-graph\">{\"@context\":\"https:\/\/schema.org\",\"@graph\":[{\"@type\":\"WebPage\",\"@id\":\"https:\/\/revab-erasmus.eu\/pl\/\",\"url\":\"https:\/\/revab-erasmus.eu\/pl\/\",\"name\":\"REVAB - Revab\",\"isPartOf\":{\"@id\":\"https:\/\/revab-erasmus.eu\/#website\"},\"datePublished\":\"2016-03-18T14:32:05+00:00\",\"dateModified\":\"2018-04-17T08:40:26+00:00\",\"breadcrumb\":{\"@id\":\"https:\/\/revab-erasmus.eu\/pl\/#breadcrumb\"},\"inLanguage\":\"pl-PL\",\"potentialAction\":[{\"@type\":\"ReadAction\",\"target\":[\"https:\/\/revab-erasmus.eu\/pl\/\"]}]},{\"@type\":\"BreadcrumbList\",\"@id\":\"https:\/\/revab-erasmus.eu\/pl\/#breadcrumb\",\"itemListElement\":[{\"@type\":\"ListItem\",\"position\":1,\"name\":\"Home\",\"item\":\"https:\/\/revab-erasmus.eu\/pl\/\"},{\"@type\":\"ListItem\",\"position\":2,\"name\":\"REVAB\"}]},{\"@type\":\"WebSite\",\"@id\":\"https:\/\/revab-erasmus.eu\/#website\",\"url\":\"https:\/\/revab-erasmus.eu\/\",\"name\":\"Revab\",\"description\":\"REuse and Valorisation of Agricultural Buildings through training based on real experiences\",\"potentialAction\":[{\"@type\":\"SearchAction\",\"target\":{\"@type\":\"EntryPoint\",\"urlTemplate\":\"https:\/\/revab-erasmus.eu\/?s={search_term_string}\"},\"query-input\":\"required name=search_term_string\"}],\"inLanguage\":\"pl-PL\"}]}<\/script>\n<!-- \/ Yoast SEO plugin. -->","yoast_head_json":{"title":"REVAB - Revab","robots":{"index":"index","follow":"follow","max-snippet":"max-snippet:-1","max-image-preview":"max-image-preview:large","max-video-preview":"max-video-preview:-1"},"canonical":"https:\/\/revab-erasmus.eu\/pl\/","og_locale":"pl_PL","og_type":"article","og_title":"REVAB - Revab","og_description":"REVAB: REuse and Valorisation of Agricultural Buildings through training based on real experiences W ostatnich latach obszary wiejskie konfrontowane s\u0105 z wieloma wyzwaniami: \u015brednia bezrobocia w regionach o obszarach g\u0142\u00f3wnie wiejskich w UE wynosi 11% w por\u00f3wnaniu ze \u015bredni\u0105 8.5% w UE, jak r\u00f3wnie\u017c olbrzymiej konsumpcji ziemi rolnej na cele mieszkalne, potrzeby komunikacyjne czy przemys\u0142owe.","og_url":"https:\/\/revab-erasmus.eu\/pl\/","og_site_name":"Revab","article_modified_time":"2018-04-17T08:40:26+00:00","twitter_card":"summary_large_image","twitter_misc":{"Szacowany czas czytania":"2 minuty"},"schema":{"@context":"https:\/\/schema.org","@graph":[{"@type":"WebPage","@id":"https:\/\/revab-erasmus.eu\/pl\/","url":"https:\/\/revab-erasmus.eu\/pl\/","name":"REVAB - Revab","isPartOf":{"@id":"https:\/\/revab-erasmus.eu\/#website"},"datePublished":"2016-03-18T14:32:05+00:00","dateModified":"2018-04-17T08:40:26+00:00","breadcrumb":{"@id":"https:\/\/revab-erasmus.eu\/pl\/#breadcrumb"},"inLanguage":"pl-PL","potentialAction":[{"@type":"ReadAction","target":["https:\/\/revab-erasmus.eu\/pl\/"]}]},{"@type":"BreadcrumbList","@id":"https:\/\/revab-erasmus.eu\/pl\/#breadcrumb","itemListElement":[{"@type":"ListItem","position":1,"name":"Home","item":"https:\/\/revab-erasmus.eu\/pl\/"},{"@type":"ListItem","position":2,"name":"REVAB"}]},{"@type":"WebSite","@id":"https:\/\/revab-erasmus.eu\/#website","url":"https:\/\/revab-erasmus.eu\/","name":"Revab","description":"REuse and Valorisation of Agricultural Buildings through training based on real experiences","potentialAction":[{"@type":"SearchAction","target":{"@type":"EntryPoint","urlTemplate":"https:\/\/revab-erasmus.eu\/?s={search_term_string}"},"query-input":"required name=search_term_string"}],"inLanguage":"pl-PL"}]}},"_links":{"self":[{"href":"https:\/\/revab-erasmus.eu\/pl\/wp-json\/wp\/v2\/pages\/10552"}],"collection":[{"href":"https:\/\/revab-erasmus.eu\/pl\/wp-json\/wp\/v2\/pages"}],"about":[{"href":"https:\/\/revab-erasmus.eu\/pl\/wp-json\/wp\/v2\/types\/page"}],"author":[{"embeddable":true,"href":"https:\/\/revab-erasmus.eu\/pl\/wp-json\/wp\/v2\/users\/2"}],"replies":[{"embeddable":true,"href":"https:\/\/revab-erasmus.eu\/pl\/wp-json\/wp\/v2\/comments?post=10552"}],"version-history":[{"count":6,"href":"https:\/\/revab-erasmus.eu\/pl\/wp-json\/wp\/v2\/pages\/10552\/revisions"}],"predecessor-version":[{"id":14350,"href":"https:\/\/revab-erasmus.eu\/pl\/wp-json\/wp\/v2\/pages\/10552\/revisions\/14350"}],"wp:attachment":[{"href":"https:\/\/revab-erasmus.eu\/pl\/wp-json\/wp\/v2\/media?parent=10552"}],"curies":[{"name":"wp","href":"https:\/\/api.w.org\/{rel}","templated":true}]}}