{"id":10564,"date":"2016-03-18T08:23:18","date_gmt":"2016-03-18T14:23:18","guid":{"rendered":"http:\/\/www.revab-erasmus.eu\/partners\/"},"modified":"2018-04-17T09:49:21","modified_gmt":"2018-04-17T08:49:21","slug":"partners","status":"publish","type":"page","link":"https:\/\/revab-erasmus.eu\/pl\/partners\/","title":{"rendered":"Partnerzy"},"content":{"rendered":"<p>ELO, Hof und Leben GmbH, On Projects Advising SL, Asaja \u2013 Granada, CIA Toscana oraz AGRITOUR Ltd. podpisali umow\u0119 o dotacj\u0119 w ramach programu Erasmus+\/KA2\/Partnerstwa strategiczne dla VET z dat\u0105 pocz\u0105tkow\u0105 2 listopada 2015 na okres 30 miesi\u0119cy.<\/p>\n<p>Od lutego 2016 <strong><em>Zwia\u0328zek Pracodawco\u0301w-Dzierz\u0307awco\u0301w i W\u0142as\u0301cicieli Rolnych (ZPDIWR)<\/em><\/strong> z siedzib\u0105 w Bydgoszczy wspiera koordynatora projektu, ELO, w zadaniach zwi\u0105zanych z analiz\u0105 przypadk\u00f3w z Polski jak r\u00f3wnie\u017c w rozpowszechnieniu rezultat\u00f3w ko\u0144cowych kursu e-learning.<\/p>\n<p>&nbsp;<\/p>\n<p><img decoding=\"async\" loading=\"lazy\" class=\"aligncenter wp-image-12228\" src=\"http:\/\/revaberasmus.eu\/wp-content\/uploads\/2018\/02\/ELO-1.png\" alt=\"\" width=\"512\" height=\"114\" srcset=\"https:\/\/revaberasmus.eu\/wp-content\/uploads\/2018\/02\/ELO-1.png 1612w, https:\/\/revaberasmus.eu\/wp-content\/uploads\/2018\/02\/ELO-1-300x67.png 300w, https:\/\/revaberasmus.eu\/wp-content\/uploads\/2018\/02\/ELO-1-768x171.png 768w, https:\/\/revaberasmus.eu\/wp-content\/uploads\/2018\/02\/ELO-1-1024x228.png 1024w, https:\/\/revaberasmus.eu\/wp-content\/uploads\/2018\/02\/ELO-1-280x62.png 280w, https:\/\/revaberasmus.eu\/wp-content\/uploads\/2018\/02\/ELO-1-1170x261.png 1170w\" sizes=\"(max-width: 512px) 100vw, 512px\" \/><\/p>\n<p>&nbsp;<\/p>\n<p><strong>European Landowners\u2019 Organization &#8211; ELO<\/strong> asbl, powsta\u0142a w 1972 roku, jest unikatow\u0105 organizacj\u0105 zrzeszaj\u0105c\u0105 narodowe organizacje z 28 Kraj\u00f3w Cz\u0142onkowskich Unii Europejskiej, kt\u00f3re reprezentuj\u0105 interesy w\u0142a\u015bcicieli ziemskich, menad\u017cer\u00f3w ziemskich i le\u015bnych oraz przedsi\u0119biorc\u00f3w rolnych na poziomie polityk europejskich. Statutowym zobowi\u0105zaniem ELO jest obrona i promocja zr\u00f3wnowa\u017conego rozwoju, ochrona i zachowanie przyrody, energii odnawialnych i odpowiedzialnego wykorzystywania zasob\u00f3w naturalnych.<br \/>\nAby wzmocni\u0107 swoj\u0105 pozycj\u0119 ELO rozwin\u0119\u0142o strategi\u0119 komunikacyjn\u0105 w\u0142\u0105czaj\u0105c w to tworzenie i koordynacj\u0119 program\u00f3w dzia\u0142ania, zaanga\u017cowanie w wydarzenia mi\u0119dzynarodowe i UE, zarz\u0105dzanie think-tankiem, publikacje stanowisk i opracowa\u0144, itd. Sprawno\u015b\u0107 organizacji opiera si\u0119 na umiej\u0119tno\u015bci gromadzenia przedstawicieli obszar\u00f3w wiejskich, menad\u017cer\u00f3w rolnych i le\u015bnych, naukowc\u00f3w, przedsi\u0119biorc\u00f3w i polityk\u00f3w zar\u00f3wno na poziomie lokalnym, regionalnym, krajowym jak i europejskim. Sie\u0107 ponad 64 organizacji na terenie ca\u0142ej Europy reprezentuje wiele milion\u00f3w menad\u017cerow rolnych i le\u015bnych i daje mo\u017cliwo\u015b\u0107 wyra\u017cenia stanowisk wspieranych przez olbrzymi\u0105 ilo\u015b\u0107 zaanga\u017cowanych przedstawicieli z ca\u0142ej UE i kraj\u00f3w kandyduj\u0105cych. Pozwala to r\u00f3wnie\u017c na analiz\u0119 wp\u0142ywu prawodawstwa UE na poziomie lokalnym. ELO ma bezkonkurencyjne do\u015bwiadczenie we wdra\u017caniu sieci Natura 2000, WPR, problematyki dt gleby, wody czy las\u00f3w. ELO doradza swoim cz\u0142onkom, rolnikom i menad\u017cerom ziemskim w problematyce zwi\u0105zanej z Natur\u0105 2000, jest te\u017c reguralnie zapraszane jako ekspert do grup roboczych Komisji Europejskiej oraz organizowanej przez ni\u0105 debat. ELO organizuje r\u00f3wnie\u017c wydarzenia na wysokim szczeblu zwi\u0105zane z Natur\u0105 2000, us\u0142ugami w zakresie ochrony \u015brodowiska, WPR, zarz\u0105dzaniem posiad\u0142o\u015bciami\/ terenami wiejskimi zar\u00f3wno na poziomie UE jak i krajowym. Od 9 lat ELO wsp\u00f3\u0142organizuje <em>Forum for the Future of Agriculture <\/em>(pl.\u00a0Forum dla Przysz\u0142o\u015bci Rolnictwa) <a href=\"http:\/\/www.forumforagriculture.com\/\">www.forumforagriculture.com<\/a>, jedyn\u0105 w swoim rodzaju debat\u0119 z ponad 1500 uczestnikami i zagraniczn\u0105 pras\u0105 na temat bezpiecze\u0144stwa \u017cywno\u015bciowego, przyrodniczego i energetycznego. ELO rozwija r\u00f3wnie\u017c program <em>Wildlife Estates<\/em> oraz <em>Pollinator Network initiative<\/em> \u00a0przy wsp\u00f3\u0142pracy z naukowcami, ministerstwami oraz aktorami z terenu.<\/p>\n<p><span style=\"font-weight: 400;\">URL partner\u00f3w:\u00a0<\/span><a href=\"http:\/\/www.elo.org\/\"><span style=\"font-weight: 400;\">www.elo.org<\/span><\/a><\/p>\n<div><b>ELO\u00a0<\/b><\/div>\n<div>Marie Alice Budniok <a href=\"mailto:legal@elo.org\" target=\"_blank\" rel=\"noopener\">legal@elo.org<\/a><\/div>\n<div>Emmannuelle Mikosz <a href=\"mailto:emmanuelle.mikosz@elo.org\" target=\"_blank\" rel=\"noopener\">emmanuelle.mikosz@elo.org<\/a><\/div>\n<div>Servane Morand <a href=\"mailto:servane.morand@elo.org\">servane.morand@elo.org<\/a><\/div>\n<div><a href=\"http:\/\/www.elo.org\/\" target=\"_blank\" rel=\"noopener\" data-saferedirecturl=\"https:\/\/www.google.com\/url?hl=fr&amp;q=http:\/\/www.elo.org&amp;source=gmail&amp;ust=1466794720732000&amp;usg=AFQjCNFBQj1v5HwTxmeGXfJfqOUuurAmXQ\">www.elo.org<\/a><\/div>\n<div><\/div>\n","protected":false},"excerpt":{"rendered":"<p>ELO, Hof und Leben GmbH, On Projects Advising SL, Asaja \u2013 Granada, CIA Toscana oraz AGRITOUR Ltd. podpisali umow\u0119 o dotacj\u0119 w ramach programu Erasmus+\/KA2\/Partnerstwa strategiczne dla VET z dat\u0105 pocz\u0105tkow\u0105 2 listopada 2015 na okres 30 miesi\u0119cy. Od lutego 2016 Zwia\u0328zek Pracodawco\u0301w-Dzierz\u0307awco\u0301w i W\u0142as\u0301cicieli Rolnych (ZPDIWR) z siedzib\u0105 w Bydgoszczy wspiera koordynatora projektu, ELO,<\/p>\n","protected":false},"author":2,"featured_media":0,"parent":0,"menu_order":0,"comment_status":"closed","ping_status":"closed","template":"","meta":[],"yoast_head":"<!-- This site is optimized with the Yoast SEO plugin v20.3 - https:\/\/yoast.com\/wordpress\/plugins\/seo\/ -->\n<title>Partnerzy - Revab<\/title>\n<meta name=\"robots\" content=\"index, follow, max-snippet:-1, max-image-preview:large, max-video-preview:-1\" \/>\n<link rel=\"canonical\" href=\"https:\/\/revab-erasmus.eu\/pl\/partners\/\" \/>\n<meta property=\"og:locale\" content=\"pl_PL\" \/>\n<meta property=\"og:type\" content=\"article\" \/>\n<meta property=\"og:title\" content=\"Partnerzy - Revab\" \/>\n<meta property=\"og:description\" content=\"ELO, Hof und Leben GmbH, On Projects Advising SL, Asaja \u2013 Granada, CIA Toscana oraz AGRITOUR Ltd. podpisali umow\u0119 o dotacj\u0119 w ramach programu Erasmus+\/KA2\/Partnerstwa strategiczne dla VET z dat\u0105 pocz\u0105tkow\u0105 2 listopada 2015 na okres 30 miesi\u0119cy. Od lutego 2016 Zwia\u0328zek Pracodawco\u0301w-Dzierz\u0307awco\u0301w i W\u0142as\u0301cicieli Rolnych (ZPDIWR) z siedzib\u0105 w Bydgoszczy wspiera koordynatora projektu, ELO,\" \/>\n<meta property=\"og:url\" content=\"https:\/\/revab-erasmus.eu\/pl\/partners\/\" \/>\n<meta property=\"og:site_name\" content=\"Revab\" \/>\n<meta property=\"article:modified_time\" content=\"2018-04-17T08:49:21+00:00\" \/>\n<meta property=\"og:image\" content=\"http:\/\/revaberasmus.eu\/wp-content\/uploads\/2018\/02\/ELO-1.png\" \/>\n<meta name=\"twitter:card\" content=\"summary_large_image\" \/>\n<meta name=\"twitter:label1\" content=\"Szacowany czas czytania\" \/>\n\t<meta name=\"twitter:data1\" content=\"2 minuty\" \/>\n<script type=\"application\/ld+json\" class=\"yoast-schema-graph\">{\"@context\":\"https:\/\/schema.org\",\"@graph\":[{\"@type\":\"WebPage\",\"@id\":\"https:\/\/revab-erasmus.eu\/pl\/partners\/\",\"url\":\"https:\/\/revab-erasmus.eu\/pl\/partners\/\",\"name\":\"Partnerzy - Revab\",\"isPartOf\":{\"@id\":\"https:\/\/revab-erasmus.eu\/#website\"},\"datePublished\":\"2016-03-18T14:23:18+00:00\",\"dateModified\":\"2018-04-17T08:49:21+00:00\",\"breadcrumb\":{\"@id\":\"https:\/\/revab-erasmus.eu\/pl\/partners\/#breadcrumb\"},\"inLanguage\":\"pl-PL\",\"potentialAction\":[{\"@type\":\"ReadAction\",\"target\":[\"https:\/\/revab-erasmus.eu\/pl\/partners\/\"]}]},{\"@type\":\"BreadcrumbList\",\"@id\":\"https:\/\/revab-erasmus.eu\/pl\/partners\/#breadcrumb\",\"itemListElement\":[{\"@type\":\"ListItem\",\"position\":1,\"name\":\"Home\",\"item\":\"https:\/\/revab-erasmus.eu\/pl\/\"},{\"@type\":\"ListItem\",\"position\":2,\"name\":\"Partnerzy\"}]},{\"@type\":\"WebSite\",\"@id\":\"https:\/\/revab-erasmus.eu\/#website\",\"url\":\"https:\/\/revab-erasmus.eu\/\",\"name\":\"Revab\",\"description\":\"REuse and Valorisation of Agricultural Buildings through training based on real experiences\",\"potentialAction\":[{\"@type\":\"SearchAction\",\"target\":{\"@type\":\"EntryPoint\",\"urlTemplate\":\"https:\/\/revab-erasmus.eu\/?s={search_term_string}\"},\"query-input\":\"required name=search_term_string\"}],\"inLanguage\":\"pl-PL\"}]}<\/script>\n<!-- \/ Yoast SEO plugin. -->","yoast_head_json":{"title":"Partnerzy - Revab","robots":{"index":"index","follow":"follow","max-snippet":"max-snippet:-1","max-image-preview":"max-image-preview:large","max-video-preview":"max-video-preview:-1"},"canonical":"https:\/\/revab-erasmus.eu\/pl\/partners\/","og_locale":"pl_PL","og_type":"article","og_title":"Partnerzy - Revab","og_description":"ELO, Hof und Leben GmbH, On Projects Advising SL, Asaja \u2013 Granada, CIA Toscana oraz AGRITOUR Ltd. podpisali umow\u0119 o dotacj\u0119 w ramach programu Erasmus+\/KA2\/Partnerstwa strategiczne dla VET z dat\u0105 pocz\u0105tkow\u0105 2 listopada 2015 na okres 30 miesi\u0119cy. Od lutego 2016 Zwia\u0328zek Pracodawco\u0301w-Dzierz\u0307awco\u0301w i W\u0142as\u0301cicieli Rolnych (ZPDIWR) z siedzib\u0105 w Bydgoszczy wspiera koordynatora projektu, ELO,","og_url":"https:\/\/revab-erasmus.eu\/pl\/partners\/","og_site_name":"Revab","article_modified_time":"2018-04-17T08:49:21+00:00","og_image":[{"url":"http:\/\/revaberasmus.eu\/wp-content\/uploads\/2018\/02\/ELO-1.png"}],"twitter_card":"summary_large_image","twitter_misc":{"Szacowany czas czytania":"2 minuty"},"schema":{"@context":"https:\/\/schema.org","@graph":[{"@type":"WebPage","@id":"https:\/\/revab-erasmus.eu\/pl\/partners\/","url":"https:\/\/revab-erasmus.eu\/pl\/partners\/","name":"Partnerzy - Revab","isPartOf":{"@id":"https:\/\/revab-erasmus.eu\/#website"},"datePublished":"2016-03-18T14:23:18+00:00","dateModified":"2018-04-17T08:49:21+00:00","breadcrumb":{"@id":"https:\/\/revab-erasmus.eu\/pl\/partners\/#breadcrumb"},"inLanguage":"pl-PL","potentialAction":[{"@type":"ReadAction","target":["https:\/\/revab-erasmus.eu\/pl\/partners\/"]}]},{"@type":"BreadcrumbList","@id":"https:\/\/revab-erasmus.eu\/pl\/partners\/#breadcrumb","itemListElement":[{"@type":"ListItem","position":1,"name":"Home","item":"https:\/\/revab-erasmus.eu\/pl\/"},{"@type":"ListItem","position":2,"name":"Partnerzy"}]},{"@type":"WebSite","@id":"https:\/\/revab-erasmus.eu\/#website","url":"https:\/\/revab-erasmus.eu\/","name":"Revab","description":"REuse and Valorisation of Agricultural Buildings through training based on real experiences","potentialAction":[{"@type":"SearchAction","target":{"@type":"EntryPoint","urlTemplate":"https:\/\/revab-erasmus.eu\/?s={search_term_string}"},"query-input":"required name=search_term_string"}],"inLanguage":"pl-PL"}]}},"_links":{"self":[{"href":"https:\/\/revab-erasmus.eu\/pl\/wp-json\/wp\/v2\/pages\/10564"}],"collection":[{"href":"https:\/\/revab-erasmus.eu\/pl\/wp-json\/wp\/v2\/pages"}],"about":[{"href":"https:\/\/revab-erasmus.eu\/pl\/wp-json\/wp\/v2\/types\/page"}],"author":[{"embeddable":true,"href":"https:\/\/revab-erasmus.eu\/pl\/wp-json\/wp\/v2\/users\/2"}],"replies":[{"embeddable":true,"href":"https:\/\/revab-erasmus.eu\/pl\/wp-json\/wp\/v2\/comments?post=10564"}],"version-history":[{"count":5,"href":"https:\/\/revab-erasmus.eu\/pl\/wp-json\/wp\/v2\/pages\/10564\/revisions"}],"predecessor-version":[{"id":14220,"href":"https:\/\/revab-erasmus.eu\/pl\/wp-json\/wp\/v2\/pages\/10564\/revisions\/14220"}],"wp:attachment":[{"href":"https:\/\/revab-erasmus.eu\/pl\/wp-json\/wp\/v2\/media?parent=10564"}],"curies":[{"name":"wp","href":"https:\/\/api.w.org\/{rel}","templated":true}]}}