{"id":14291,"date":"2018-01-09T00:11:29","date_gmt":"2018-01-09T06:11:29","guid":{"rendered":"http:\/\/www.revab-erasmus.eu\/training-system\/summary-report\/"},"modified":"2018-04-17T11:01:37","modified_gmt":"2018-04-17T10:01:37","slug":"summary-report","status":"publish","type":"page","link":"https:\/\/revab-erasmus.eu\/pl\/training-system\/summary-report\/","title":{"rendered":"Raport podsumowywuj\u0105cy"},"content":{"rendered":"<h3 style=\"text-align: center;\">Sprawozdanie jako podstawa systemu szkolenia<\/h3>\n<p>Celem tego projektu jest skoncentrowanie si\u0119 na aktualnych i przysz\u0142ych potrzebach rolnik\u00f3w zwi\u0105zanych z ponownym u\u017cytkowaniem i rewitalizacj\u0105 budynk\u00f3w u\u017cywanych w celach rolniczych, aby:<\/p>\n<p>\u2022 Utrzyma\u0107 spo\u0142eczno\u015b\u0107 wiejsk\u0105 \u017cyw\u0105 oraz, aby zapewni\u0107 i poprawi\u0107 doch\u00f3d, nie tylko dla rolnik\u00f3w, ale dla ca\u0142o\u015bci wiejskiego spo\u0142ecze\u0144stwa,<br \/>\n\u2022 Stworzy\u0107 nowe mo\u017cliwo\u015bci zatrudnienia i promowa\u0107 ducha przedsi\u0119biorczo\u015bci,<br \/>\n\u2022 Unikn\u0105\u0107 dalszej konsumpcji ziemi rolnej,<br \/>\n\u2022 Po\u0142\u0105czy\u0107 rewitalizacj\u0119 oraz ponowne u\u017cytkowanie budynk\u00f3w rolnych z rolnictwem.<\/p>\n<p>Aby zapewni\u0107 pomocne oraz praktyczne szkolenie oraz studia przypadk\u00f3w, bardzo wa\u017cnym jest posiadanie szczeg\u00f3\u0142owych informacji dotycz\u0105cych sytuacji w poszczeg\u00f3lnych krajach. Dodatkowo, s\u0142u\u017cy to pomoc\u0105 w tworzeniu jednostek kt\u00f3re mog\u0105 by\u0107 wdra\u017cane na poziomie<br \/>\neuropejskim na terenie ca\u0142ej UE przez wszystkich partner\u00f3w.<\/p>\n","protected":false},"excerpt":{"rendered":"<p>Sprawozdanie jako podstawa systemu szkolenia Celem tego projektu jest skoncentrowanie si\u0119 na aktualnych i przysz\u0142ych potrzebach rolnik\u00f3w zwi\u0105zanych z ponownym u\u017cytkowaniem i rewitalizacj\u0105 budynk\u00f3w u\u017cywanych w celach rolniczych, aby: \u2022 Utrzyma\u0107 spo\u0142eczno\u015b\u0107 wiejsk\u0105 \u017cyw\u0105 oraz, aby zapewni\u0107 i poprawi\u0107 doch\u00f3d, nie tylko dla rolnik\u00f3w, ale dla ca\u0142o\u015bci wiejskiego spo\u0142ecze\u0144stwa, \u2022 Stworzy\u0107 nowe mo\u017cliwo\u015bci zatrudnienia i<\/p>\n","protected":false},"author":3,"featured_media":0,"parent":14281,"menu_order":0,"comment_status":"closed","ping_status":"closed","template":"","meta":[],"yoast_head":"<!-- This site is optimized with the Yoast SEO plugin v20.3 - https:\/\/yoast.com\/wordpress\/plugins\/seo\/ -->\n<title>Raport podsumowywuj\u0105cy - Revab<\/title>\n<meta name=\"robots\" content=\"index, follow, max-snippet:-1, max-image-preview:large, max-video-preview:-1\" \/>\n<link rel=\"canonical\" href=\"https:\/\/revab-erasmus.eu\/pl\/training-system\/summary-report\/\" \/>\n<meta property=\"og:locale\" content=\"pl_PL\" \/>\n<meta property=\"og:type\" content=\"article\" \/>\n<meta property=\"og:title\" content=\"Raport podsumowywuj\u0105cy - Revab\" \/>\n<meta property=\"og:description\" content=\"Sprawozdanie jako podstawa systemu szkolenia Celem tego projektu jest skoncentrowanie si\u0119 na aktualnych i przysz\u0142ych potrzebach rolnik\u00f3w zwi\u0105zanych z ponownym u\u017cytkowaniem i rewitalizacj\u0105 budynk\u00f3w u\u017cywanych w celach rolniczych, aby: \u2022 Utrzyma\u0107 spo\u0142eczno\u015b\u0107 wiejsk\u0105 \u017cyw\u0105 oraz, aby zapewni\u0107 i poprawi\u0107 doch\u00f3d, nie tylko dla rolnik\u00f3w, ale dla ca\u0142o\u015bci wiejskiego spo\u0142ecze\u0144stwa, \u2022 Stworzy\u0107 nowe mo\u017cliwo\u015bci zatrudnienia i\" \/>\n<meta property=\"og:url\" content=\"https:\/\/revab-erasmus.eu\/pl\/training-system\/summary-report\/\" \/>\n<meta property=\"og:site_name\" content=\"Revab\" \/>\n<meta property=\"article:modified_time\" content=\"2018-04-17T10:01:37+00:00\" \/>\n<meta name=\"twitter:card\" content=\"summary_large_image\" \/>\n<meta name=\"twitter:label1\" content=\"Szacowany czas czytania\" \/>\n\t<meta name=\"twitter:data1\" content=\"1 minuta\" \/>\n<script type=\"application\/ld+json\" class=\"yoast-schema-graph\">{\"@context\":\"https:\/\/schema.org\",\"@graph\":[{\"@type\":\"WebPage\",\"@id\":\"https:\/\/revab-erasmus.eu\/pl\/training-system\/summary-report\/\",\"url\":\"https:\/\/revab-erasmus.eu\/pl\/training-system\/summary-report\/\",\"name\":\"Raport podsumowywuj\u0105cy - Revab\",\"isPartOf\":{\"@id\":\"https:\/\/revab-erasmus.eu\/#website\"},\"datePublished\":\"2018-01-09T06:11:29+00:00\",\"dateModified\":\"2018-04-17T10:01:37+00:00\",\"breadcrumb\":{\"@id\":\"https:\/\/revab-erasmus.eu\/pl\/training-system\/summary-report\/#breadcrumb\"},\"inLanguage\":\"pl-PL\",\"potentialAction\":[{\"@type\":\"ReadAction\",\"target\":[\"https:\/\/revab-erasmus.eu\/pl\/training-system\/summary-report\/\"]}]},{\"@type\":\"BreadcrumbList\",\"@id\":\"https:\/\/revab-erasmus.eu\/pl\/training-system\/summary-report\/#breadcrumb\",\"itemListElement\":[{\"@type\":\"ListItem\",\"position\":1,\"name\":\"Home\",\"item\":\"https:\/\/revab-erasmus.eu\/pl\/\"},{\"@type\":\"ListItem\",\"position\":2,\"name\":\"Training System\",\"item\":\"https:\/\/revab-erasmus.eu\/pl\/training-system\/\"},{\"@type\":\"ListItem\",\"position\":3,\"name\":\"Raport podsumowywuj\u0105cy\"}]},{\"@type\":\"WebSite\",\"@id\":\"https:\/\/revab-erasmus.eu\/#website\",\"url\":\"https:\/\/revab-erasmus.eu\/\",\"name\":\"Revab\",\"description\":\"REuse and Valorisation of Agricultural Buildings through training based on real experiences\",\"potentialAction\":[{\"@type\":\"SearchAction\",\"target\":{\"@type\":\"EntryPoint\",\"urlTemplate\":\"https:\/\/revab-erasmus.eu\/?s={search_term_string}\"},\"query-input\":\"required name=search_term_string\"}],\"inLanguage\":\"pl-PL\"}]}<\/script>\n<!-- \/ Yoast SEO plugin. -->","yoast_head_json":{"title":"Raport podsumowywuj\u0105cy - Revab","robots":{"index":"index","follow":"follow","max-snippet":"max-snippet:-1","max-image-preview":"max-image-preview:large","max-video-preview":"max-video-preview:-1"},"canonical":"https:\/\/revab-erasmus.eu\/pl\/training-system\/summary-report\/","og_locale":"pl_PL","og_type":"article","og_title":"Raport podsumowywuj\u0105cy - Revab","og_description":"Sprawozdanie jako podstawa systemu szkolenia Celem tego projektu jest skoncentrowanie si\u0119 na aktualnych i przysz\u0142ych potrzebach rolnik\u00f3w zwi\u0105zanych z ponownym u\u017cytkowaniem i rewitalizacj\u0105 budynk\u00f3w u\u017cywanych w celach rolniczych, aby: \u2022 Utrzyma\u0107 spo\u0142eczno\u015b\u0107 wiejsk\u0105 \u017cyw\u0105 oraz, aby zapewni\u0107 i poprawi\u0107 doch\u00f3d, nie tylko dla rolnik\u00f3w, ale dla ca\u0142o\u015bci wiejskiego spo\u0142ecze\u0144stwa, \u2022 Stworzy\u0107 nowe mo\u017cliwo\u015bci zatrudnienia i","og_url":"https:\/\/revab-erasmus.eu\/pl\/training-system\/summary-report\/","og_site_name":"Revab","article_modified_time":"2018-04-17T10:01:37+00:00","twitter_card":"summary_large_image","twitter_misc":{"Szacowany czas czytania":"1 minuta"},"schema":{"@context":"https:\/\/schema.org","@graph":[{"@type":"WebPage","@id":"https:\/\/revab-erasmus.eu\/pl\/training-system\/summary-report\/","url":"https:\/\/revab-erasmus.eu\/pl\/training-system\/summary-report\/","name":"Raport podsumowywuj\u0105cy - Revab","isPartOf":{"@id":"https:\/\/revab-erasmus.eu\/#website"},"datePublished":"2018-01-09T06:11:29+00:00","dateModified":"2018-04-17T10:01:37+00:00","breadcrumb":{"@id":"https:\/\/revab-erasmus.eu\/pl\/training-system\/summary-report\/#breadcrumb"},"inLanguage":"pl-PL","potentialAction":[{"@type":"ReadAction","target":["https:\/\/revab-erasmus.eu\/pl\/training-system\/summary-report\/"]}]},{"@type":"BreadcrumbList","@id":"https:\/\/revab-erasmus.eu\/pl\/training-system\/summary-report\/#breadcrumb","itemListElement":[{"@type":"ListItem","position":1,"name":"Home","item":"https:\/\/revab-erasmus.eu\/pl\/"},{"@type":"ListItem","position":2,"name":"Training System","item":"https:\/\/revab-erasmus.eu\/pl\/training-system\/"},{"@type":"ListItem","position":3,"name":"Raport podsumowywuj\u0105cy"}]},{"@type":"WebSite","@id":"https:\/\/revab-erasmus.eu\/#website","url":"https:\/\/revab-erasmus.eu\/","name":"Revab","description":"REuse and Valorisation of Agricultural Buildings through training based on real experiences","potentialAction":[{"@type":"SearchAction","target":{"@type":"EntryPoint","urlTemplate":"https:\/\/revab-erasmus.eu\/?s={search_term_string}"},"query-input":"required name=search_term_string"}],"inLanguage":"pl-PL"}]}},"_links":{"self":[{"href":"https:\/\/revab-erasmus.eu\/pl\/wp-json\/wp\/v2\/pages\/14291"}],"collection":[{"href":"https:\/\/revab-erasmus.eu\/pl\/wp-json\/wp\/v2\/pages"}],"about":[{"href":"https:\/\/revab-erasmus.eu\/pl\/wp-json\/wp\/v2\/types\/page"}],"author":[{"embeddable":true,"href":"https:\/\/revab-erasmus.eu\/pl\/wp-json\/wp\/v2\/users\/3"}],"replies":[{"embeddable":true,"href":"https:\/\/revab-erasmus.eu\/pl\/wp-json\/wp\/v2\/comments?post=14291"}],"version-history":[{"count":5,"href":"https:\/\/revab-erasmus.eu\/pl\/wp-json\/wp\/v2\/pages\/14291\/revisions"}],"predecessor-version":[{"id":14326,"href":"https:\/\/revab-erasmus.eu\/pl\/wp-json\/wp\/v2\/pages\/14291\/revisions\/14326"}],"up":[{"embeddable":true,"href":"https:\/\/revab-erasmus.eu\/pl\/wp-json\/wp\/v2\/pages\/14281"}],"wp:attachment":[{"href":"https:\/\/revab-erasmus.eu\/pl\/wp-json\/wp\/v2\/media?parent=14291"}],"curies":[{"name":"wp","href":"https:\/\/api.w.org\/{rel}","templated":true}]}}